{"id":41,"date":"2016-04-20T14:30:58","date_gmt":"2016-04-20T14:30:58","guid":{"rendered":"http:\/\/khalilthemes.com\/lucymoni\/?page_id=41"},"modified":"2024-01-13T09:59:46","modified_gmt":"2024-01-13T09:59:46","slug":"om","status":"publish","type":"page","link":"https:\/\/camillaelfving.dk\/index.php\/om\/","title":{"rendered":"Om mig"},"content":{"rendered":"\n<div class=\"wp-block-columns is-layout-flex wp-container-core-columns-is-layout-9d6595d7 wp-block-columns-is-layout-flex\">\n<div class=\"wp-block-column is-layout-flow wp-block-column-is-layout-flow\" style=\"flex-basis:33.33%\">\n<figure class=\"wp-block-image size-full\"><img loading=\"lazy\" decoding=\"async\" width=\"960\" height=\"960\" src=\"https:\/\/camillaelfving.dk\/wp-content\/uploads\/2024\/01\/profilbillede1.jpeg\" alt=\"\" class=\"wp-image-4834\" srcset=\"https:\/\/camillaelfving.dk\/wp-content\/uploads\/2024\/01\/profilbillede1.jpeg 960w, https:\/\/camillaelfving.dk\/wp-content\/uploads\/2024\/01\/profilbillede1-300x300.jpeg 300w, https:\/\/camillaelfving.dk\/wp-content\/uploads\/2024\/01\/profilbillede1-150x150.jpeg 150w, https:\/\/camillaelfving.dk\/wp-content\/uploads\/2024\/01\/profilbillede1-768x768.jpeg 768w, https:\/\/camillaelfving.dk\/wp-content\/uploads\/2024\/01\/profilbillede1-850x850.jpeg 850w, https:\/\/camillaelfving.dk\/wp-content\/uploads\/2024\/01\/profilbillede1-350x350.jpeg 350w, https:\/\/camillaelfving.dk\/wp-content\/uploads\/2024\/01\/profilbillede1-75x75.jpeg 75w\" sizes=\"auto, (max-width: 960px) 100vw, 960px\" \/><\/figure>\n<\/div>\n\n\n\n<div class=\"wp-block-column is-layout-flow wp-block-column-is-layout-flow\" style=\"flex-basis:66.66%\">\n<p>Hej!<\/p>\n\n\n\n<p>Det er mig der er kvinden bag navnet &#8211; og hende du m\u00f8der &#8211; n\u00e5r du tr\u00e6der ind i universet omkring Camilla Elfving. <\/p>\n\n\n\n<p>Jeg blev sundhedsfagligt uddannet med en bachelor i psykomotorik i 2015 og derefter har min vej v\u00e6ret pr\u00e6get af mange forskellige indtryk og metoder fra den mere alternative vej, som jeg bruger i kombination med psykomotorikken.<\/p>\n<\/div>\n<\/div>\n\n\n\n<p>Jeg er uddannet b\u00e5de indenfor akupunktur, kraniosakral- og hypnoterapi.  Jeg bruger derfor af og til teknikker og viden fra disse behandlingsmetoder. Men kun sj\u00e6ldent selve metoden. For t\u00e6ttest p\u00e5 mit hjerte og med en altoverskyggende pr\u00e6ference ligger kinesiologien, som jeg lever og \u00e5nder for.<\/p>\n\n\n\n<p>Kinesiologien rummer nemlig det hele &#8211; og trumfer dem alle &#8211; og det er derfor ikke n\u00f8dvendigt at skulle hoppe rundt imellem alle mulige forskellige ting. <\/p>\n\n\n\n<p>Som kinesiolog bruger jeg teknikken &#8216;muskeltest&#8217; som egentligt er en test af det neurologiske feedback en stressor giver p\u00e5 en vilk\u00e5rlig krop. Jeg bruger her oftest klientens h\u00f8jre arm som &#8216;testredskab&#8217;. Men det er ogs\u00e5 muligt at teste sp\u00e6db\u00f8rn og dyr &#8211; via for\u00e6lder eller ejer.<\/p>\n\n\n\n<div style=\"height:43px\" aria-hidden=\"true\" class=\"wp-block-spacer\"><\/div>\n\n\n\n<figure class=\"wp-block-image size-full\"><img loading=\"lazy\" decoding=\"async\" width=\"600\" height=\"397\" src=\"https:\/\/camillaelfving.dk\/wp-content\/uploads\/2024\/01\/73875b_91ebece7fc0447debce8122f69530e47_mv2.jpeg\" alt=\"\" class=\"wp-image-4827\" srcset=\"https:\/\/camillaelfving.dk\/wp-content\/uploads\/2024\/01\/73875b_91ebece7fc0447debce8122f69530e47_mv2.jpeg 600w, https:\/\/camillaelfving.dk\/wp-content\/uploads\/2024\/01\/73875b_91ebece7fc0447debce8122f69530e47_mv2-300x199.jpeg 300w\" sizes=\"auto, (max-width: 600px) 100vw, 600px\" \/><\/figure>\n\n\n\n<div style=\"height:43px\" aria-hidden=\"true\" class=\"wp-block-spacer\"><\/div>\n\n\n\n<p>Man kan i princippet teste (eller &#8216;sp\u00f8rge&#8217;) om alt. Der er dog en etisk gr\u00e6nse, som jeg ikke g\u00e5r over. Eller sp\u00f8rgsm\u00e5l du ikke kan forvente at f\u00e5 et realistisk eller brugbart svar p\u00e5. <\/p>\n\n\n\n<p>Fx kan man med muskeltest ikke sp\u00e5 om hverken lottotal eller fodboldresultater. Eller foretage graviditetstest og lignende. <\/p>\n\n\n\n<p>Jeg er registreret og RAB godkendt kinesiolog fra Kinesiologi Akademiet &#8211; hvor jeg samtidig er p\u00e5begyndt min videre rejse mod det man kalder DK kinesiolog. <br>Kinesiologiens h\u00f8jeste udm\u00e6rkelse i Danmark.<\/p>\n\n\n\n<p>Jeg er ligeledes medlem af Brancheforeningen Danske Kinesiologer.<\/p>\n\n\n\n<div class=\"wp-block-columns is-layout-flex wp-container-core-columns-is-layout-9d6595d7 wp-block-columns-is-layout-flex\">\n<div class=\"wp-block-column is-layout-flow wp-block-column-is-layout-flow\">\n<figure class=\"wp-block-image size-full\"><img loading=\"lazy\" decoding=\"async\" width=\"253\" height=\"244\" src=\"https:\/\/camillaelfving.dk\/wp-content\/uploads\/2024\/01\/DK-logo-farve-S.jpg\" alt=\"\" class=\"wp-image-4810\"\/><\/figure>\n<\/div>\n\n\n\n<div class=\"wp-block-column is-layout-flow wp-block-column-is-layout-flow\">\n<figure class=\"wp-block-image size-full\"><img loading=\"lazy\" decoding=\"async\" width=\"368\" height=\"137\" src=\"https:\/\/camillaelfving.dk\/wp-content\/uploads\/2024\/01\/logoRAB.jpg\" alt=\"\" class=\"wp-image-4812\" srcset=\"https:\/\/camillaelfving.dk\/wp-content\/uploads\/2024\/01\/logoRAB.jpg 368w, https:\/\/camillaelfving.dk\/wp-content\/uploads\/2024\/01\/logoRAB-300x112.jpg 300w\" sizes=\"auto, (max-width: 368px) 100vw, 368px\" \/><\/figure>\n<\/div>\n<\/div>\n\n\n\n<p>RAB registreringen betyder desv\u00e6rre ikke, at du kan f\u00e5 tilskud til dine behandlinger, da kinesiologi underligt nok ikke er godkendt til det. Men det betyder, at du for det f\u00f8rste er sikker p\u00e5, at du f\u00e5r en kvalitetsstemplet behandling og for det andet at jeg ikke beh\u00f8ver l\u00e6gge moms p\u00e5 prisen af behandlingerne. Og det er jo virkeligt en fordel for b\u00e5de dig og mig.<\/p>\n\n\n\n<p>Men som RAB godkendt kinesiolog betyder det ogs\u00e5 at jeg er en del af sundhedsordningen for virksomheder: <a href=\"https:\/\/genvejtilsundhed.dk\/beskrivelse-af-ordningen.html\">Genvej til Sundhed<\/a>. Denne sundhedsordning er godkendt af SKAT og fuldt fradragsberettiget for virksomheden og skattefri for medarbejderne. <br><br>Kinesiologien favner bredt og handler om at (gen)skabe balance i krop og sind. <\/p>\n\n\n\n<p>Ordet kinesiologi betyder &#8220;l\u00e6ren om bev\u00e6gelse&#8221; og her menes alle former for bev\u00e6gelse. Ikke kun den mekaniske bev\u00e6gelse af kroppen, selvom den naturligvis er en stor del af det. <\/p>\n\n\n\n<p>Men idet alt her i verden best\u00e5r af atomer, som i forskellige molekyl\u00e6re forbindelser holdes sammen af elektricitet &#8211; er den elektriske energi en af de vigtigste bev\u00e6gelser som jeg arbejder med som kinesiolog.<\/p>\n\n\n\n<p>Hertil kommer ogs\u00e5 blodets bev\u00e6gelse, cellers bev\u00e6gelse, transport af energi, affalds- og n\u00e6ringsstoffer i organismen, hormoners bev\u00e6gelse, signaler i nerveceller og meget, meget mere.<\/p>\n\n\n\n<p>Det er en kompleks men yderst fascinerende verden og det er her de n\u00e6sten magiske forandringer skabes i klientens liv.<\/p>\n\n\n\n<p>Jeg gl\u00e6der mig til at arbejde sammen med dig.<\/p>\n\n\n\n<p>K\u00e6rligst <\/p>\n\n\n\n<figure class=\"wp-block-image size-full\"><img loading=\"lazy\" decoding=\"async\" width=\"500\" height=\"108\" src=\"https:\/\/camillaelfving.dk\/wp-content\/uploads\/2024\/01\/Camilla-Elfving-4-1.png\" alt=\"\" class=\"wp-image-4799\" srcset=\"https:\/\/camillaelfving.dk\/wp-content\/uploads\/2024\/01\/Camilla-Elfving-4-1.png 500w, https:\/\/camillaelfving.dk\/wp-content\/uploads\/2024\/01\/Camilla-Elfving-4-1-300x65.png 300w\" sizes=\"auto, (max-width: 500px) 100vw, 500px\" \/><\/figure>\n","protected":false},"excerpt":{"rendered":"<p>Hej! Det er mig der er kvinden bag navnet &#8211; og hende du m\u00f8der &#8211; n\u00e5r du tr\u00e6der ind i universet omkring Camilla Elfving. Jeg blev sundhedsfagligt uddannet med en bachelor i psykomotorik i 2015 og derefter har min vej v\u00e6ret pr\u00e6get af mange forskellige indtryk og metoder fra den mere [&hellip;]<\/p>\n","protected":false},"author":1,"featured_media":0,"parent":0,"menu_order":0,"comment_status":"closed","ping_status":"closed","template":"","meta":{"_monsterinsights_skip_tracking":false,"_monsterinsights_sitenote_active":false,"_monsterinsights_sitenote_note":"","_monsterinsights_sitenote_category":0,"footnotes":""},"class_list":["post-41","page","type-page","status-publish","hentry"],"yoast_head":"<!-- This site is optimized with the Yoast SEO plugin v27.2 - https:\/\/yoast.com\/product\/yoast-seo-wordpress\/ -->\n<title>Om mig - Camilla Elfving - Sundhedsklinik<\/title>\n<meta name=\"description\" content=\"M\u00f8d Camilla Elfving, din dedikerede og RAB-godkendte kinesiolog med en baggrund i psykomotorik og en bred vifte af alternative terapiformer. I Camillas univers bliver du m\u00f8dt med ekspertise som er funderet i den sundhedsfaglige verden, men med en s\u00e6rlig passion for kinesiologi. Opdag hvordan kinesiologi kan skabe magiske forandringer i dit liv ved at genoprette balance i krop og sind. Kvalitetsbehandlinger uden moms \u2013 book din tid nu for en holistisk tilgang til sundhed\" \/>\n<meta name=\"robots\" content=\"index, follow, max-snippet:-1, max-image-preview:large, max-video-preview:-1\" \/>\n<link rel=\"canonical\" href=\"https:\/\/camillaelfving.dk\/index.php\/om\/\" \/>\n<meta property=\"og:locale\" content=\"da_DK\" \/>\n<meta property=\"og:type\" content=\"article\" \/>\n<meta property=\"og:title\" content=\"Om mig - Camilla Elfving - Sundhedsklinik\" \/>\n<meta property=\"og:description\" content=\"M\u00f8d Camilla Elfving, din dedikerede og RAB-godkendte kinesiolog med en baggrund i psykomotorik og en bred vifte af alternative terapiformer. I Camillas univers bliver du m\u00f8dt med ekspertise som er funderet i den sundhedsfaglige verden, men med en s\u00e6rlig passion for kinesiologi. Opdag hvordan kinesiologi kan skabe magiske forandringer i dit liv ved at genoprette balance i krop og sind. Kvalitetsbehandlinger uden moms \u2013 book din tid nu for en holistisk tilgang til sundhed\" \/>\n<meta property=\"og:url\" content=\"https:\/\/camillaelfving.dk\/index.php\/om\/\" \/>\n<meta property=\"og:site_name\" content=\"Camilla Elfving - Sundhedsklinik\" \/>\n<meta property=\"article:modified_time\" content=\"2024-01-13T09:59:46+00:00\" \/>\n<meta property=\"og:image\" content=\"https:\/\/camillaelfving.dk\/wp-content\/uploads\/2024\/01\/profilbillede1.jpeg\" \/>\n<meta name=\"twitter:card\" content=\"summary_large_image\" \/>\n<meta name=\"twitter:label1\" content=\"Estimeret l\u00e6setid\" \/>\n\t<meta name=\"twitter:data1\" content=\"4 minutter\" \/>\n<script type=\"application\/ld+json\" class=\"yoast-schema-graph\">{\"@context\":\"https:\/\/schema.org\",\"@graph\":[{\"@type\":\"WebPage\",\"@id\":\"https:\/\/camillaelfving.dk\/index.php\/om\/\",\"url\":\"https:\/\/camillaelfving.dk\/index.php\/om\/\",\"name\":\"Om mig - Camilla Elfving - Sundhedsklinik\",\"isPartOf\":{\"@id\":\"https:\/\/camillaelfving.dk\/#website\"},\"primaryImageOfPage\":{\"@id\":\"https:\/\/camillaelfving.dk\/index.php\/om\/#primaryimage\"},\"image\":{\"@id\":\"https:\/\/camillaelfving.dk\/index.php\/om\/#primaryimage\"},\"thumbnailUrl\":\"https:\/\/camillaelfving.dk\/wp-content\/uploads\/2024\/01\/profilbillede1.jpeg\",\"datePublished\":\"2016-04-20T14:30:58+00:00\",\"dateModified\":\"2024-01-13T09:59:46+00:00\",\"description\":\"M\u00f8d Camilla Elfving, din dedikerede og RAB-godkendte kinesiolog med en baggrund i psykomotorik og en bred vifte af alternative terapiformer. I Camillas univers bliver du m\u00f8dt med ekspertise som er funderet i den sundhedsfaglige verden, men med en s\u00e6rlig passion for kinesiologi. Opdag hvordan kinesiologi kan skabe magiske forandringer i dit liv ved at genoprette balance i krop og sind. Kvalitetsbehandlinger uden moms \u2013 book din tid nu for en holistisk tilgang til sundhed\",\"breadcrumb\":{\"@id\":\"https:\/\/camillaelfving.dk\/index.php\/om\/#breadcrumb\"},\"inLanguage\":\"da-DK\",\"potentialAction\":[{\"@type\":\"ReadAction\",\"target\":[\"https:\/\/camillaelfving.dk\/index.php\/om\/\"]}]},{\"@type\":\"ImageObject\",\"inLanguage\":\"da-DK\",\"@id\":\"https:\/\/camillaelfving.dk\/index.php\/om\/#primaryimage\",\"url\":\"https:\/\/camillaelfving.dk\/wp-content\/uploads\/2024\/01\/profilbillede1.jpeg\",\"contentUrl\":\"https:\/\/camillaelfving.dk\/wp-content\/uploads\/2024\/01\/profilbillede1.jpeg\",\"width\":960,\"height\":960},{\"@type\":\"BreadcrumbList\",\"@id\":\"https:\/\/camillaelfving.dk\/index.php\/om\/#breadcrumb\",\"itemListElement\":[{\"@type\":\"ListItem\",\"position\":1,\"name\":\"Hjem\",\"item\":\"https:\/\/camillaelfving.dk\/\"},{\"@type\":\"ListItem\",\"position\":2,\"name\":\"Om mig\"}]},{\"@type\":\"WebSite\",\"@id\":\"https:\/\/camillaelfving.dk\/#website\",\"url\":\"https:\/\/camillaelfving.dk\/\",\"name\":\"Camilla Elfving - Sundhedsklinik\",\"description\":\"\",\"publisher\":{\"@id\":\"https:\/\/camillaelfving.dk\/#organization\"},\"potentialAction\":[{\"@type\":\"SearchAction\",\"target\":{\"@type\":\"EntryPoint\",\"urlTemplate\":\"https:\/\/camillaelfving.dk\/?s={search_term_string}\"},\"query-input\":{\"@type\":\"PropertyValueSpecification\",\"valueRequired\":true,\"valueName\":\"search_term_string\"}}],\"inLanguage\":\"da-DK\"},{\"@type\":\"Organization\",\"@id\":\"https:\/\/camillaelfving.dk\/#organization\",\"name\":\"Camilla Elfving - Sundhedsklinik\",\"url\":\"https:\/\/camillaelfving.dk\/\",\"logo\":{\"@type\":\"ImageObject\",\"inLanguage\":\"da-DK\",\"@id\":\"https:\/\/camillaelfving.dk\/#\/schema\/logo\/image\/\",\"url\":\"https:\/\/camillaelfving.dk\/wp-content\/uploads\/2024\/02\/cropped-Camilla-Elfving-Sundhedsklinik-Header-915-x-400-px-1250-x-378-px-915-x-300-px.png\",\"contentUrl\":\"https:\/\/camillaelfving.dk\/wp-content\/uploads\/2024\/02\/cropped-Camilla-Elfving-Sundhedsklinik-Header-915-x-400-px-1250-x-378-px-915-x-300-px.png\",\"width\":915,\"height\":300,\"caption\":\"Camilla Elfving - Sundhedsklinik\"},\"image\":{\"@id\":\"https:\/\/camillaelfving.dk\/#\/schema\/logo\/image\/\"}}]}<\/script>\n<!-- \/ Yoast SEO plugin. -->","yoast_head_json":{"title":"Om mig - Camilla Elfving - Sundhedsklinik","description":"M\u00f8d Camilla Elfving, din dedikerede og RAB-godkendte kinesiolog med en baggrund i psykomotorik og en bred vifte af alternative terapiformer. I Camillas univers bliver du m\u00f8dt med ekspertise som er funderet i den sundhedsfaglige verden, men med en s\u00e6rlig passion for kinesiologi. Opdag hvordan kinesiologi kan skabe magiske forandringer i dit liv ved at genoprette balance i krop og sind. Kvalitetsbehandlinger uden moms \u2013 book din tid nu for en holistisk tilgang til sundhed","robots":{"index":"index","follow":"follow","max-snippet":"max-snippet:-1","max-image-preview":"max-image-preview:large","max-video-preview":"max-video-preview:-1"},"canonical":"https:\/\/camillaelfving.dk\/index.php\/om\/","og_locale":"da_DK","og_type":"article","og_title":"Om mig - Camilla Elfving - Sundhedsklinik","og_description":"M\u00f8d Camilla Elfving, din dedikerede og RAB-godkendte kinesiolog med en baggrund i psykomotorik og en bred vifte af alternative terapiformer. I Camillas univers bliver du m\u00f8dt med ekspertise som er funderet i den sundhedsfaglige verden, men med en s\u00e6rlig passion for kinesiologi. Opdag hvordan kinesiologi kan skabe magiske forandringer i dit liv ved at genoprette balance i krop og sind. Kvalitetsbehandlinger uden moms \u2013 book din tid nu for en holistisk tilgang til sundhed","og_url":"https:\/\/camillaelfving.dk\/index.php\/om\/","og_site_name":"Camilla Elfving - Sundhedsklinik","article_modified_time":"2024-01-13T09:59:46+00:00","og_image":[{"url":"https:\/\/camillaelfving.dk\/wp-content\/uploads\/2024\/01\/profilbillede1.jpeg","type":"","width":"","height":""}],"twitter_card":"summary_large_image","twitter_misc":{"Estimeret l\u00e6setid":"4 minutter"},"schema":{"@context":"https:\/\/schema.org","@graph":[{"@type":"WebPage","@id":"https:\/\/camillaelfving.dk\/index.php\/om\/","url":"https:\/\/camillaelfving.dk\/index.php\/om\/","name":"Om mig - Camilla Elfving - Sundhedsklinik","isPartOf":{"@id":"https:\/\/camillaelfving.dk\/#website"},"primaryImageOfPage":{"@id":"https:\/\/camillaelfving.dk\/index.php\/om\/#primaryimage"},"image":{"@id":"https:\/\/camillaelfving.dk\/index.php\/om\/#primaryimage"},"thumbnailUrl":"https:\/\/camillaelfving.dk\/wp-content\/uploads\/2024\/01\/profilbillede1.jpeg","datePublished":"2016-04-20T14:30:58+00:00","dateModified":"2024-01-13T09:59:46+00:00","description":"M\u00f8d Camilla Elfving, din dedikerede og RAB-godkendte kinesiolog med en baggrund i psykomotorik og en bred vifte af alternative terapiformer. I Camillas univers bliver du m\u00f8dt med ekspertise som er funderet i den sundhedsfaglige verden, men med en s\u00e6rlig passion for kinesiologi. Opdag hvordan kinesiologi kan skabe magiske forandringer i dit liv ved at genoprette balance i krop og sind. Kvalitetsbehandlinger uden moms \u2013 book din tid nu for en holistisk tilgang til sundhed","breadcrumb":{"@id":"https:\/\/camillaelfving.dk\/index.php\/om\/#breadcrumb"},"inLanguage":"da-DK","potentialAction":[{"@type":"ReadAction","target":["https:\/\/camillaelfving.dk\/index.php\/om\/"]}]},{"@type":"ImageObject","inLanguage":"da-DK","@id":"https:\/\/camillaelfving.dk\/index.php\/om\/#primaryimage","url":"https:\/\/camillaelfving.dk\/wp-content\/uploads\/2024\/01\/profilbillede1.jpeg","contentUrl":"https:\/\/camillaelfving.dk\/wp-content\/uploads\/2024\/01\/profilbillede1.jpeg","width":960,"height":960},{"@type":"BreadcrumbList","@id":"https:\/\/camillaelfving.dk\/index.php\/om\/#breadcrumb","itemListElement":[{"@type":"ListItem","position":1,"name":"Hjem","item":"https:\/\/camillaelfving.dk\/"},{"@type":"ListItem","position":2,"name":"Om mig"}]},{"@type":"WebSite","@id":"https:\/\/camillaelfving.dk\/#website","url":"https:\/\/camillaelfving.dk\/","name":"Camilla Elfving - Sundhedsklinik","description":"","publisher":{"@id":"https:\/\/camillaelfving.dk\/#organization"},"potentialAction":[{"@type":"SearchAction","target":{"@type":"EntryPoint","urlTemplate":"https:\/\/camillaelfving.dk\/?s={search_term_string}"},"query-input":{"@type":"PropertyValueSpecification","valueRequired":true,"valueName":"search_term_string"}}],"inLanguage":"da-DK"},{"@type":"Organization","@id":"https:\/\/camillaelfving.dk\/#organization","name":"Camilla Elfving - Sundhedsklinik","url":"https:\/\/camillaelfving.dk\/","logo":{"@type":"ImageObject","inLanguage":"da-DK","@id":"https:\/\/camillaelfving.dk\/#\/schema\/logo\/image\/","url":"https:\/\/camillaelfving.dk\/wp-content\/uploads\/2024\/02\/cropped-Camilla-Elfving-Sundhedsklinik-Header-915-x-400-px-1250-x-378-px-915-x-300-px.png","contentUrl":"https:\/\/camillaelfving.dk\/wp-content\/uploads\/2024\/02\/cropped-Camilla-Elfving-Sundhedsklinik-Header-915-x-400-px-1250-x-378-px-915-x-300-px.png","width":915,"height":300,"caption":"Camilla Elfving - Sundhedsklinik"},"image":{"@id":"https:\/\/camillaelfving.dk\/#\/schema\/logo\/image\/"}}]}},"_links":{"self":[{"href":"https:\/\/camillaelfving.dk\/index.php\/wp-json\/wp\/v2\/pages\/41","targetHints":{"allow":["GET"]}}],"collection":[{"href":"https:\/\/camillaelfving.dk\/index.php\/wp-json\/wp\/v2\/pages"}],"about":[{"href":"https:\/\/camillaelfving.dk\/index.php\/wp-json\/wp\/v2\/types\/page"}],"author":[{"embeddable":true,"href":"https:\/\/camillaelfving.dk\/index.php\/wp-json\/wp\/v2\/users\/1"}],"replies":[{"embeddable":true,"href":"https:\/\/camillaelfving.dk\/index.php\/wp-json\/wp\/v2\/comments?post=41"}],"version-history":[{"count":14,"href":"https:\/\/camillaelfving.dk\/index.php\/wp-json\/wp\/v2\/pages\/41\/revisions"}],"predecessor-version":[{"id":4850,"href":"https:\/\/camillaelfving.dk\/index.php\/wp-json\/wp\/v2\/pages\/41\/revisions\/4850"}],"wp:attachment":[{"href":"https:\/\/camillaelfving.dk\/index.php\/wp-json\/wp\/v2\/media?parent=41"}],"curies":[{"name":"wp","href":"https:\/\/api.w.org\/{rel}","templated":true}]}}