{"id":43,"date":"2019-04-20T14:31:30","date_gmt":"2019-04-20T14:31:30","guid":{"rendered":"http:\/\/khalilthemes.com\/lucymoni\/?page_id=43"},"modified":"2025-05-13T15:43:05","modified_gmt":"2025-05-13T15:43:05","slug":"say-hi","status":"publish","type":"page","link":"https:\/\/camillaelfving.dk\/index.php\/say-hi\/","title":{"rendered":"Sig hej!"},"content":{"rendered":"<p style=\"text-align: center;\"><strong><span class=\"relative -mx-px my-[-0.2rem] rounded px-px py-[0.2rem] transition-colors duration-100 ease-in-out\">Du beh\u00f8ver ikke have alle svarene.<\/span> <br \/><span class=\"relative -mx-px my-[-0.2rem] rounded px-px py-[0.2rem] transition-colors duration-100 ease-in-out\">Del blot det, du f\u00f8ler lige nu \u2013 s\u00e5 finder vi sammen ud af, hvordan jeg bedst kan st\u00f8tte dig.<\/span><\/strong><\/p>\n<p class=\"\" data-start=\"1491\" data-end=\"1530\"><span class=\"relative -mx-px my-[-0.2rem] rounded px-px py-[0.2rem] transition-colors duration-100 ease-in-out\">S\u00e5dan foreg\u00e5r det:<\/span><\/p>\n<ul>\n<li style=\"list-style-type: none;\">\n<ul>\n<li data-start=\"1448\" data-end=\"1490\">\n<p><span class=\"relative -mx-px my-[-0.2rem] rounded px-px py-[0.2rem] transition-colors duration-100 ease-in-out\">Du sender mig en besked \u2013 del s\u00e5 meget eller lidt, du har lyst til.<\/span><\/p>\n<\/li>\n<li class=\"\" data-start=\"1448\" data-end=\"1490\">\n<p class=\"\" data-start=\"1451\" data-end=\"1490\"><span class=\"relative -mx-px my-[-0.2rem] rounded px-px py-[0.2rem] transition-colors duration-100 ease-in-out\">Jeg vender tilbage inden for 24 timer, og vi finder sammen en tid, der passer dig.<\/span><\/p>\n<\/li>\n<li class=\"\" data-start=\"1496\" data-end=\"1577\">\n<p class=\"\" data-start=\"1499\" data-end=\"1577\"><span class=\"relative -mx-px my-[-0.2rem] rounded px-px py-[0.2rem] transition-colors duration-100 ease-in-out\">I vores f\u00f8rste session m\u00f8des vi i et trygt rum, hvor du kan v\u00e6re dig selv, og vi sammen finder vejen frem.<\/span><\/p>\n<\/li>\n<\/ul>\n<\/li>\n<\/ul>\n\n<div class=\"wpcf7 no-js\" id=\"wpcf7-f5-o1\" lang=\"da-DK\" dir=\"ltr\">\n<div class=\"screen-reader-response\"><p role=\"status\" aria-live=\"polite\" aria-atomic=\"true\"><\/p> <ul><\/ul><\/div>\n<form action=\"\/index.php\/wp-json\/wp\/v2\/pages\/43#wpcf7-f5-o1\" method=\"post\" class=\"wpcf7-form init\" aria-label=\"Kontaktformular\" novalidate=\"novalidate\" data-status=\"init\">\n<div style=\"display: none;\">\n<input type=\"hidden\" name=\"_wpcf7\" value=\"5\" \/>\n<input type=\"hidden\" name=\"_wpcf7_version\" value=\"5.9.2\" \/>\n<input type=\"hidden\" name=\"_wpcf7_locale\" value=\"da_DK\" \/>\n<input type=\"hidden\" name=\"_wpcf7_unit_tag\" value=\"wpcf7-f5-o1\" \/>\n<input type=\"hidden\" name=\"_wpcf7_container_post\" value=\"0\" \/>\n<input type=\"hidden\" name=\"_wpcf7_posted_data_hash\" value=\"\" \/>\n<\/div>\n<p><label> Dit navn<br \/>\n<span class=\"wpcf7-form-control-wrap\" data-name=\"your-name\"><input size=\"40\" class=\"wpcf7-form-control wpcf7-text wpcf7-validates-as-required\" autocomplete=\"name\" aria-required=\"true\" aria-invalid=\"false\" value=\"\" type=\"text\" name=\"your-name\" \/><\/span> <\/label>\n<\/p>\n<p><label> Din e-mail<br \/>\n<span class=\"wpcf7-form-control-wrap\" data-name=\"your-email\"><input size=\"40\" class=\"wpcf7-form-control wpcf7-email wpcf7-validates-as-required wpcf7-text wpcf7-validates-as-email\" autocomplete=\"email\" aria-required=\"true\" aria-invalid=\"false\" value=\"\" type=\"email\" name=\"your-email\" \/><\/span> <\/label>\n<\/p>\n<p><label> Hvad vil du gerne dele med mig?<br \/>\n<span class=\"wpcf7-form-control-wrap\" data-name=\"your-subject\"><input size=\"40\" class=\"wpcf7-form-control wpcf7-text wpcf7-validates-as-required\" aria-required=\"true\" aria-invalid=\"false\" value=\"\" type=\"text\" name=\"your-subject\" \/><\/span> <\/label>\n<\/p>\n<p><label> Del dine tanker med mig i dag \u2013 jeg er her for at lytte. (valgfri)<br \/>\n<span class=\"wpcf7-form-control-wrap\" data-name=\"your-message\"><textarea cols=\"40\" rows=\"10\" class=\"wpcf7-form-control wpcf7-textarea\" aria-invalid=\"false\" name=\"your-message\"><\/textarea><\/span> <\/label>\n<\/p>\n<p><input class=\"wpcf7-form-control wpcf7-submit has-spinner\" type=\"submit\" value=\"Send\" \/>\n<\/p><div class=\"wpcf7-response-output\" aria-hidden=\"true\"><\/div>\n<\/form>\n<\/div>\n\n\n\n<p><\/p>\n","protected":false},"excerpt":{"rendered":"<p>Du beh\u00f8ver ikke have alle svarene. Del blot det, du f\u00f8ler lige nu \u2013 s\u00e5 finder vi sammen ud af, hvordan jeg bedst kan st\u00f8tte dig. S\u00e5dan foreg\u00e5r det: Du sender mig en besked \u2013 del s\u00e5 meget eller lidt, du har lyst til. Jeg vender tilbage inden for 24 timer, [&hellip;]<\/p>\n","protected":false},"author":1,"featured_media":0,"parent":0,"menu_order":0,"comment_status":"closed","ping_status":"closed","template":"","meta":{"_monsterinsights_skip_tracking":false,"_monsterinsights_sitenote_active":false,"_monsterinsights_sitenote_note":"","_monsterinsights_sitenote_category":0,"footnotes":""},"class_list":["post-43","page","type-page","status-publish","hentry"],"yoast_head":"<!-- This site is optimized with the Yoast SEO plugin v27.2 - https:\/\/yoast.com\/product\/yoast-seo-wordpress\/ -->\n<title>Sig hej! - Camilla Elfving - Sundhedsklinik<\/title>\n<meta name=\"robots\" content=\"index, follow, max-snippet:-1, max-image-preview:large, max-video-preview:-1\" \/>\n<link rel=\"canonical\" href=\"https:\/\/camillaelfving.dk\/index.php\/say-hi\/\" \/>\n<meta property=\"og:locale\" content=\"da_DK\" \/>\n<meta property=\"og:type\" content=\"article\" \/>\n<meta property=\"og:title\" content=\"Sig hej! - Camilla Elfving - Sundhedsklinik\" \/>\n<meta property=\"og:description\" content=\"Du beh\u00f8ver ikke have alle svarene. Del blot det, du f\u00f8ler lige nu \u2013 s\u00e5 finder vi sammen ud af, hvordan jeg bedst kan st\u00f8tte dig. S\u00e5dan foreg\u00e5r det: Du sender mig en besked \u2013 del s\u00e5 meget eller lidt, du har lyst til. Jeg vender tilbage inden for 24 timer, [&hellip;]\" \/>\n<meta property=\"og:url\" content=\"https:\/\/camillaelfving.dk\/index.php\/say-hi\/\" \/>\n<meta property=\"og:site_name\" content=\"Camilla Elfving - Sundhedsklinik\" \/>\n<meta property=\"article:modified_time\" content=\"2025-05-13T15:43:05+00:00\" \/>\n<meta name=\"twitter:card\" content=\"summary_large_image\" \/>\n<meta name=\"twitter:label1\" content=\"Estimeret l\u00e6setid\" \/>\n\t<meta name=\"twitter:data1\" content=\"1 minut\" \/>\n<script type=\"application\/ld+json\" class=\"yoast-schema-graph\">{\"@context\":\"https:\/\/schema.org\",\"@graph\":[{\"@type\":\"WebPage\",\"@id\":\"https:\/\/camillaelfving.dk\/index.php\/say-hi\/\",\"url\":\"https:\/\/camillaelfving.dk\/index.php\/say-hi\/\",\"name\":\"Sig hej! - Camilla Elfving - Sundhedsklinik\",\"isPartOf\":{\"@id\":\"https:\/\/camillaelfving.dk\/#website\"},\"datePublished\":\"2019-04-20T14:31:30+00:00\",\"dateModified\":\"2025-05-13T15:43:05+00:00\",\"breadcrumb\":{\"@id\":\"https:\/\/camillaelfving.dk\/index.php\/say-hi\/#breadcrumb\"},\"inLanguage\":\"da-DK\",\"potentialAction\":[{\"@type\":\"ReadAction\",\"target\":[\"https:\/\/camillaelfving.dk\/index.php\/say-hi\/\"]}]},{\"@type\":\"BreadcrumbList\",\"@id\":\"https:\/\/camillaelfving.dk\/index.php\/say-hi\/#breadcrumb\",\"itemListElement\":[{\"@type\":\"ListItem\",\"position\":1,\"name\":\"Hjem\",\"item\":\"https:\/\/camillaelfving.dk\/\"},{\"@type\":\"ListItem\",\"position\":2,\"name\":\"Sig hej!\"}]},{\"@type\":\"WebSite\",\"@id\":\"https:\/\/camillaelfving.dk\/#website\",\"url\":\"https:\/\/camillaelfving.dk\/\",\"name\":\"Camilla Elfving - Sundhedsklinik\",\"description\":\"\",\"publisher\":{\"@id\":\"https:\/\/camillaelfving.dk\/#organization\"},\"potentialAction\":[{\"@type\":\"SearchAction\",\"target\":{\"@type\":\"EntryPoint\",\"urlTemplate\":\"https:\/\/camillaelfving.dk\/?s={search_term_string}\"},\"query-input\":{\"@type\":\"PropertyValueSpecification\",\"valueRequired\":true,\"valueName\":\"search_term_string\"}}],\"inLanguage\":\"da-DK\"},{\"@type\":\"Organization\",\"@id\":\"https:\/\/camillaelfving.dk\/#organization\",\"name\":\"Camilla Elfving - Sundhedsklinik\",\"url\":\"https:\/\/camillaelfving.dk\/\",\"logo\":{\"@type\":\"ImageObject\",\"inLanguage\":\"da-DK\",\"@id\":\"https:\/\/camillaelfving.dk\/#\/schema\/logo\/image\/\",\"url\":\"https:\/\/camillaelfving.dk\/wp-content\/uploads\/2024\/02\/cropped-Camilla-Elfving-Sundhedsklinik-Header-915-x-400-px-1250-x-378-px-915-x-300-px.png\",\"contentUrl\":\"https:\/\/camillaelfving.dk\/wp-content\/uploads\/2024\/02\/cropped-Camilla-Elfving-Sundhedsklinik-Header-915-x-400-px-1250-x-378-px-915-x-300-px.png\",\"width\":915,\"height\":300,\"caption\":\"Camilla Elfving - Sundhedsklinik\"},\"image\":{\"@id\":\"https:\/\/camillaelfving.dk\/#\/schema\/logo\/image\/\"}}]}<\/script>\n<!-- \/ Yoast SEO plugin. -->","yoast_head_json":{"title":"Sig hej! - Camilla Elfving - Sundhedsklinik","robots":{"index":"index","follow":"follow","max-snippet":"max-snippet:-1","max-image-preview":"max-image-preview:large","max-video-preview":"max-video-preview:-1"},"canonical":"https:\/\/camillaelfving.dk\/index.php\/say-hi\/","og_locale":"da_DK","og_type":"article","og_title":"Sig hej! - Camilla Elfving - Sundhedsklinik","og_description":"Du beh\u00f8ver ikke have alle svarene. Del blot det, du f\u00f8ler lige nu \u2013 s\u00e5 finder vi sammen ud af, hvordan jeg bedst kan st\u00f8tte dig. S\u00e5dan foreg\u00e5r det: Du sender mig en besked \u2013 del s\u00e5 meget eller lidt, du har lyst til. Jeg vender tilbage inden for 24 timer, [&hellip;]","og_url":"https:\/\/camillaelfving.dk\/index.php\/say-hi\/","og_site_name":"Camilla Elfving - Sundhedsklinik","article_modified_time":"2025-05-13T15:43:05+00:00","twitter_card":"summary_large_image","twitter_misc":{"Estimeret l\u00e6setid":"1 minut"},"schema":{"@context":"https:\/\/schema.org","@graph":[{"@type":"WebPage","@id":"https:\/\/camillaelfving.dk\/index.php\/say-hi\/","url":"https:\/\/camillaelfving.dk\/index.php\/say-hi\/","name":"Sig hej! - Camilla Elfving - Sundhedsklinik","isPartOf":{"@id":"https:\/\/camillaelfving.dk\/#website"},"datePublished":"2019-04-20T14:31:30+00:00","dateModified":"2025-05-13T15:43:05+00:00","breadcrumb":{"@id":"https:\/\/camillaelfving.dk\/index.php\/say-hi\/#breadcrumb"},"inLanguage":"da-DK","potentialAction":[{"@type":"ReadAction","target":["https:\/\/camillaelfving.dk\/index.php\/say-hi\/"]}]},{"@type":"BreadcrumbList","@id":"https:\/\/camillaelfving.dk\/index.php\/say-hi\/#breadcrumb","itemListElement":[{"@type":"ListItem","position":1,"name":"Hjem","item":"https:\/\/camillaelfving.dk\/"},{"@type":"ListItem","position":2,"name":"Sig hej!"}]},{"@type":"WebSite","@id":"https:\/\/camillaelfving.dk\/#website","url":"https:\/\/camillaelfving.dk\/","name":"Camilla Elfving - Sundhedsklinik","description":"","publisher":{"@id":"https:\/\/camillaelfving.dk\/#organization"},"potentialAction":[{"@type":"SearchAction","target":{"@type":"EntryPoint","urlTemplate":"https:\/\/camillaelfving.dk\/?s={search_term_string}"},"query-input":{"@type":"PropertyValueSpecification","valueRequired":true,"valueName":"search_term_string"}}],"inLanguage":"da-DK"},{"@type":"Organization","@id":"https:\/\/camillaelfving.dk\/#organization","name":"Camilla Elfving - Sundhedsklinik","url":"https:\/\/camillaelfving.dk\/","logo":{"@type":"ImageObject","inLanguage":"da-DK","@id":"https:\/\/camillaelfving.dk\/#\/schema\/logo\/image\/","url":"https:\/\/camillaelfving.dk\/wp-content\/uploads\/2024\/02\/cropped-Camilla-Elfving-Sundhedsklinik-Header-915-x-400-px-1250-x-378-px-915-x-300-px.png","contentUrl":"https:\/\/camillaelfving.dk\/wp-content\/uploads\/2024\/02\/cropped-Camilla-Elfving-Sundhedsklinik-Header-915-x-400-px-1250-x-378-px-915-x-300-px.png","width":915,"height":300,"caption":"Camilla Elfving - Sundhedsklinik"},"image":{"@id":"https:\/\/camillaelfving.dk\/#\/schema\/logo\/image\/"}}]}},"_links":{"self":[{"href":"https:\/\/camillaelfving.dk\/index.php\/wp-json\/wp\/v2\/pages\/43","targetHints":{"allow":["GET"]}}],"collection":[{"href":"https:\/\/camillaelfving.dk\/index.php\/wp-json\/wp\/v2\/pages"}],"about":[{"href":"https:\/\/camillaelfving.dk\/index.php\/wp-json\/wp\/v2\/types\/page"}],"author":[{"embeddable":true,"href":"https:\/\/camillaelfving.dk\/index.php\/wp-json\/wp\/v2\/users\/1"}],"replies":[{"embeddable":true,"href":"https:\/\/camillaelfving.dk\/index.php\/wp-json\/wp\/v2\/comments?post=43"}],"version-history":[{"count":9,"href":"https:\/\/camillaelfving.dk\/index.php\/wp-json\/wp\/v2\/pages\/43\/revisions"}],"predecessor-version":[{"id":5227,"href":"https:\/\/camillaelfving.dk\/index.php\/wp-json\/wp\/v2\/pages\/43\/revisions\/5227"}],"wp:attachment":[{"href":"https:\/\/camillaelfving.dk\/index.php\/wp-json\/wp\/v2\/media?parent=43"}],"curies":[{"name":"wp","href":"https:\/\/api.w.org\/{rel}","templated":true}]}}