{"id":4704,"date":"2021-06-08T02:10:11","date_gmt":"2021-06-08T02:10:11","guid":{"rendered":"https:\/\/volthemes.com\/demo\/patricia\/home-9\/?page_id=2"},"modified":"2025-05-13T16:31:20","modified_gmt":"2025-05-13T16:31:20","slug":"betingelser","status":"publish","type":"page","link":"https:\/\/camillaelfving.dk\/index.php\/betingelser\/","title":{"rendered":"Betingelser"},"content":{"rendered":"\n<p>Regnskabsperiode: 1. januar \u2013 31. december<\/p>\n\n\n\n<p>Daglig ledelse og dataansvarlig\/databehandler: Camilla Elfving<\/p>\n\n\n\n<p>Websted:&nbsp;<a href=\"http:\/\/camillaelfving.dk\/\" target=\"_blank\" rel=\"noreferrer noopener\">www.camillaelfving.dk<\/a><\/p>\n\n\n\n<p>\u200b<\/p>\n\n\n\n<p>Persondatapolitik:<\/p>\n\n\n\n<p>Jeg behandler altid dine data i overenstemmelse med EU\u00b4s databeskyttelsesforordning (GDPR), markedsf\u00f8ringsloven samt de til enhver tid g\u00e6ldende love i Danmark.<\/p>\n\n\n\n<p>\u200b<\/p>\n\n\n\n<p>Hvis du er klient, behandler jeg dine data p\u00e5 denne m\u00e5de:<\/p>\n\n\n\n<p>Som sundhedsfaglig uddannet er jeg forpligtet til at f\u00f8re journal og opbevare dine data i 5 \u00e5r. Jeg f\u00f8rer elektronisk journal som indeholder navn, adresse, cpr, telefonnummer, email samt de helbredsoplysninger, som du har givet til mig i forbindelse med dit bes\u00f8g i klinikken.<\/p>\n\n\n\n<p>\u200b<\/p>\n\n\n\n<p>Din journal slettes senest 5 \u00e5r efter sidste anvendelse.<\/p>\n\n\n\n<p>Du kan til enhver tid bede om at f\u00e5 slettet de oplysninger, som jeg opbevarer om dig.<\/p>\n\n\n\n<p>Jeg anvender ikke cookies eller annoncer p\u00e5 min hjemmeside, men trafikken p\u00e5 min hjemmeside registreres af google analytics.<\/p>\n\n\n\n<p>\u200b<\/p>\n\n\n\n<p>Jeg har indg\u00e5et databehandler-aftale med hjemmeside udbyder nordicway.dk\u00a0og regnskabsprogrammet\u00a0<a href=\"https:\/\/www.e-conomic.dk\/\" target=\"_blank\" rel=\"noreferrer noopener\">Dinero.dk<\/a>. <\/p>\n","protected":false},"excerpt":{"rendered":"<p>Regnskabsperiode: 1. januar \u2013 31. december Daglig ledelse og dataansvarlig\/databehandler: Camilla Elfving Websted:&nbsp;www.camillaelfving.dk \u200b Persondatapolitik: Jeg behandler altid dine data i overenstemmelse med EU\u00b4s databeskyttelsesforordning (GDPR), markedsf\u00f8ringsloven samt de til enhver tid g\u00e6ldende love i Danmark. \u200b Hvis du er klient, behandler jeg dine data p\u00e5 denne m\u00e5de: Som sundhedsfaglig uddannet [&hellip;]<\/p>\n","protected":false},"author":1,"featured_media":0,"parent":0,"menu_order":0,"comment_status":"closed","ping_status":"closed","template":"","meta":{"_monsterinsights_skip_tracking":false,"_monsterinsights_sitenote_active":false,"_monsterinsights_sitenote_note":"","_monsterinsights_sitenote_category":0,"footnotes":""},"class_list":["post-4704","page","type-page","status-publish","hentry"],"yoast_head":"<!-- This site is optimized with the Yoast SEO plugin v27.2 - https:\/\/yoast.com\/product\/yoast-seo-wordpress\/ -->\n<title>Betingelser - Camilla Elfving - Sundhedsklinik<\/title>\n<meta name=\"robots\" content=\"index, follow, max-snippet:-1, max-image-preview:large, max-video-preview:-1\" \/>\n<link rel=\"canonical\" href=\"https:\/\/camillaelfving.dk\/index.php\/betingelser\/\" \/>\n<meta property=\"og:locale\" content=\"da_DK\" \/>\n<meta property=\"og:type\" content=\"article\" \/>\n<meta property=\"og:title\" content=\"Betingelser - Camilla Elfving - Sundhedsklinik\" \/>\n<meta property=\"og:description\" content=\"Regnskabsperiode: 1. januar \u2013 31. december Daglig ledelse og dataansvarlig\/databehandler: Camilla Elfving Websted:&nbsp;www.camillaelfving.dk \u200b Persondatapolitik: Jeg behandler altid dine data i overenstemmelse med EU\u00b4s databeskyttelsesforordning (GDPR), markedsf\u00f8ringsloven samt de til enhver tid g\u00e6ldende love i Danmark. \u200b Hvis du er klient, behandler jeg dine data p\u00e5 denne m\u00e5de: Som sundhedsfaglig uddannet [&hellip;]\" \/>\n<meta property=\"og:url\" content=\"https:\/\/camillaelfving.dk\/index.php\/betingelser\/\" \/>\n<meta property=\"og:site_name\" content=\"Camilla Elfving - Sundhedsklinik\" \/>\n<meta property=\"article:modified_time\" content=\"2025-05-13T16:31:20+00:00\" \/>\n<meta name=\"twitter:card\" content=\"summary_large_image\" \/>\n<meta name=\"twitter:label1\" content=\"Estimeret l\u00e6setid\" \/>\n\t<meta name=\"twitter:data1\" content=\"1 minut\" \/>\n<script type=\"application\/ld+json\" class=\"yoast-schema-graph\">{\"@context\":\"https:\/\/schema.org\",\"@graph\":[{\"@type\":\"WebPage\",\"@id\":\"https:\/\/camillaelfving.dk\/index.php\/betingelser\/\",\"url\":\"https:\/\/camillaelfving.dk\/index.php\/betingelser\/\",\"name\":\"Betingelser - Camilla Elfving - Sundhedsklinik\",\"isPartOf\":{\"@id\":\"https:\/\/camillaelfving.dk\/#website\"},\"datePublished\":\"2021-06-08T02:10:11+00:00\",\"dateModified\":\"2025-05-13T16:31:20+00:00\",\"breadcrumb\":{\"@id\":\"https:\/\/camillaelfving.dk\/index.php\/betingelser\/#breadcrumb\"},\"inLanguage\":\"da-DK\",\"potentialAction\":[{\"@type\":\"ReadAction\",\"target\":[\"https:\/\/camillaelfving.dk\/index.php\/betingelser\/\"]}]},{\"@type\":\"BreadcrumbList\",\"@id\":\"https:\/\/camillaelfving.dk\/index.php\/betingelser\/#breadcrumb\",\"itemListElement\":[{\"@type\":\"ListItem\",\"position\":1,\"name\":\"Hjem\",\"item\":\"https:\/\/camillaelfving.dk\/\"},{\"@type\":\"ListItem\",\"position\":2,\"name\":\"Betingelser\"}]},{\"@type\":\"WebSite\",\"@id\":\"https:\/\/camillaelfving.dk\/#website\",\"url\":\"https:\/\/camillaelfving.dk\/\",\"name\":\"Camilla Elfving - Sundhedsklinik\",\"description\":\"\",\"publisher\":{\"@id\":\"https:\/\/camillaelfving.dk\/#organization\"},\"potentialAction\":[{\"@type\":\"SearchAction\",\"target\":{\"@type\":\"EntryPoint\",\"urlTemplate\":\"https:\/\/camillaelfving.dk\/?s={search_term_string}\"},\"query-input\":{\"@type\":\"PropertyValueSpecification\",\"valueRequired\":true,\"valueName\":\"search_term_string\"}}],\"inLanguage\":\"da-DK\"},{\"@type\":\"Organization\",\"@id\":\"https:\/\/camillaelfving.dk\/#organization\",\"name\":\"Camilla Elfving - Sundhedsklinik\",\"url\":\"https:\/\/camillaelfving.dk\/\",\"logo\":{\"@type\":\"ImageObject\",\"inLanguage\":\"da-DK\",\"@id\":\"https:\/\/camillaelfving.dk\/#\/schema\/logo\/image\/\",\"url\":\"https:\/\/camillaelfving.dk\/wp-content\/uploads\/2024\/02\/cropped-Camilla-Elfving-Sundhedsklinik-Header-915-x-400-px-1250-x-378-px-915-x-300-px.png\",\"contentUrl\":\"https:\/\/camillaelfving.dk\/wp-content\/uploads\/2024\/02\/cropped-Camilla-Elfving-Sundhedsklinik-Header-915-x-400-px-1250-x-378-px-915-x-300-px.png\",\"width\":915,\"height\":300,\"caption\":\"Camilla Elfving - Sundhedsklinik\"},\"image\":{\"@id\":\"https:\/\/camillaelfving.dk\/#\/schema\/logo\/image\/\"}}]}<\/script>\n<!-- \/ Yoast SEO plugin. -->","yoast_head_json":{"title":"Betingelser - Camilla Elfving - Sundhedsklinik","robots":{"index":"index","follow":"follow","max-snippet":"max-snippet:-1","max-image-preview":"max-image-preview:large","max-video-preview":"max-video-preview:-1"},"canonical":"https:\/\/camillaelfving.dk\/index.php\/betingelser\/","og_locale":"da_DK","og_type":"article","og_title":"Betingelser - Camilla Elfving - Sundhedsklinik","og_description":"Regnskabsperiode: 1. januar \u2013 31. december Daglig ledelse og dataansvarlig\/databehandler: Camilla Elfving Websted:&nbsp;www.camillaelfving.dk \u200b Persondatapolitik: Jeg behandler altid dine data i overenstemmelse med EU\u00b4s databeskyttelsesforordning (GDPR), markedsf\u00f8ringsloven samt de til enhver tid g\u00e6ldende love i Danmark. \u200b Hvis du er klient, behandler jeg dine data p\u00e5 denne m\u00e5de: Som sundhedsfaglig uddannet [&hellip;]","og_url":"https:\/\/camillaelfving.dk\/index.php\/betingelser\/","og_site_name":"Camilla Elfving - Sundhedsklinik","article_modified_time":"2025-05-13T16:31:20+00:00","twitter_card":"summary_large_image","twitter_misc":{"Estimeret l\u00e6setid":"1 minut"},"schema":{"@context":"https:\/\/schema.org","@graph":[{"@type":"WebPage","@id":"https:\/\/camillaelfving.dk\/index.php\/betingelser\/","url":"https:\/\/camillaelfving.dk\/index.php\/betingelser\/","name":"Betingelser - Camilla Elfving - Sundhedsklinik","isPartOf":{"@id":"https:\/\/camillaelfving.dk\/#website"},"datePublished":"2021-06-08T02:10:11+00:00","dateModified":"2025-05-13T16:31:20+00:00","breadcrumb":{"@id":"https:\/\/camillaelfving.dk\/index.php\/betingelser\/#breadcrumb"},"inLanguage":"da-DK","potentialAction":[{"@type":"ReadAction","target":["https:\/\/camillaelfving.dk\/index.php\/betingelser\/"]}]},{"@type":"BreadcrumbList","@id":"https:\/\/camillaelfving.dk\/index.php\/betingelser\/#breadcrumb","itemListElement":[{"@type":"ListItem","position":1,"name":"Hjem","item":"https:\/\/camillaelfving.dk\/"},{"@type":"ListItem","position":2,"name":"Betingelser"}]},{"@type":"WebSite","@id":"https:\/\/camillaelfving.dk\/#website","url":"https:\/\/camillaelfving.dk\/","name":"Camilla Elfving - Sundhedsklinik","description":"","publisher":{"@id":"https:\/\/camillaelfving.dk\/#organization"},"potentialAction":[{"@type":"SearchAction","target":{"@type":"EntryPoint","urlTemplate":"https:\/\/camillaelfving.dk\/?s={search_term_string}"},"query-input":{"@type":"PropertyValueSpecification","valueRequired":true,"valueName":"search_term_string"}}],"inLanguage":"da-DK"},{"@type":"Organization","@id":"https:\/\/camillaelfving.dk\/#organization","name":"Camilla Elfving - Sundhedsklinik","url":"https:\/\/camillaelfving.dk\/","logo":{"@type":"ImageObject","inLanguage":"da-DK","@id":"https:\/\/camillaelfving.dk\/#\/schema\/logo\/image\/","url":"https:\/\/camillaelfving.dk\/wp-content\/uploads\/2024\/02\/cropped-Camilla-Elfving-Sundhedsklinik-Header-915-x-400-px-1250-x-378-px-915-x-300-px.png","contentUrl":"https:\/\/camillaelfving.dk\/wp-content\/uploads\/2024\/02\/cropped-Camilla-Elfving-Sundhedsklinik-Header-915-x-400-px-1250-x-378-px-915-x-300-px.png","width":915,"height":300,"caption":"Camilla Elfving - Sundhedsklinik"},"image":{"@id":"https:\/\/camillaelfving.dk\/#\/schema\/logo\/image\/"}}]}},"_links":{"self":[{"href":"https:\/\/camillaelfving.dk\/index.php\/wp-json\/wp\/v2\/pages\/4704","targetHints":{"allow":["GET"]}}],"collection":[{"href":"https:\/\/camillaelfving.dk\/index.php\/wp-json\/wp\/v2\/pages"}],"about":[{"href":"https:\/\/camillaelfving.dk\/index.php\/wp-json\/wp\/v2\/types\/page"}],"author":[{"embeddable":true,"href":"https:\/\/camillaelfving.dk\/index.php\/wp-json\/wp\/v2\/users\/1"}],"replies":[{"embeddable":true,"href":"https:\/\/camillaelfving.dk\/index.php\/wp-json\/wp\/v2\/comments?post=4704"}],"version-history":[{"count":3,"href":"https:\/\/camillaelfving.dk\/index.php\/wp-json\/wp\/v2\/pages\/4704\/revisions"}],"predecessor-version":[{"id":5265,"href":"https:\/\/camillaelfving.dk\/index.php\/wp-json\/wp\/v2\/pages\/4704\/revisions\/5265"}],"wp:attachment":[{"href":"https:\/\/camillaelfving.dk\/index.php\/wp-json\/wp\/v2\/media?parent=4704"}],"curies":[{"name":"wp","href":"https:\/\/api.w.org\/{rel}","templated":true}]}}