{"id":4766,"date":"2024-01-12T07:27:16","date_gmt":"2024-01-12T07:27:16","guid":{"rendered":"https:\/\/camillaelfving.dk\/?page_id=4766"},"modified":"2024-03-04T15:18:26","modified_gmt":"2024-03-04T15:18:26","slug":"booking","status":"publish","type":"page","link":"https:\/\/camillaelfving.dk\/index.php\/booking\/","title":{"rendered":"Kalender"},"content":{"rendered":"\n<h1 class=\"wp-block-heading has-text-align-center\">DER ER CA 3 UGERS VENTELISTE I \u00d8JEBLIKKET!<\/h1>\n\n\n\n<p class=\"has-text-align-center\">Men hvis du har mulighed for, at v\u00e6re lidt fleksibel, s\u00e5 kan du m\u00e5ske v\u00e6re heldig, at der kommer en afbudstid, som du s\u00e5 kan f\u00e5! <\/p>\n\n\n\n<div style=\"height:50px\" aria-hidden=\"true\" class=\"wp-block-spacer\"><\/div>\n\n\n\n<div class=\"wp-block-buttons is-content-justification-center is-layout-flex wp-container-core-buttons-is-layout-16018d1d wp-block-buttons-is-layout-flex\">\n<div class=\"wp-block-button\"><a class=\"wp-block-button__link has-text-align-center wp-element-button\" href=\"mailto:klinik@camillaelfving.dk\" target=\"_blank\" rel=\"noreferrer noopener\">SKRIV DIG P\u00c5 VENTELISTEN HER!<\/a><\/div>\n<\/div>\n\n\n\n<div style=\"height:50px\" aria-hidden=\"true\" class=\"wp-block-spacer\"><\/div>\n\n\n\n<p>\u00d8nsker du at booke en tid,  er du i stedet hjerteligt velkommen til at kontakte mig p\u00e5 <a href=\"tel:27471647\">27476147<\/a>, s\u00e5 vi kan lave en aftale sammen. Hvis ikke du f\u00e5r fat p\u00e5 mig, s\u00e5 indtal en besked med dit navn og dit nr. S\u00e5 ringer jeg tilbage til dig. <br><br>Jeg besvarer nemlig ikke opkald imens jeg behandler, men vender tilbage til dig hurtigst muligt.<br>Tr\u00e6ffes bedst mellem kl 8-9 eller 17-18.<br><br>Det vil dog v\u00e6re langt nemmest hvis du sender mig en besked p\u00e5 sms til <a href=\"sms:27476147\">27 47 61 47<\/a>, eller skriver til mig p\u00e5 <a href=\"https:\/\/www.facebook.com\/Sundhedsklinik\">min facebookside<\/a> eller <a href=\"mailto:klinik@camillaelfving.dk\">email<\/a>.<\/p>\n","protected":false},"excerpt":{"rendered":"<p>DER ER CA 3 UGERS VENTELISTE I \u00d8JEBLIKKET! Men hvis du har mulighed for, at v\u00e6re lidt fleksibel, s\u00e5 kan du m\u00e5ske v\u00e6re heldig, at der kommer en afbudstid, som du s\u00e5 kan f\u00e5! \u00d8nsker du at booke en tid, er du i stedet hjerteligt velkommen til at kontakte mig p\u00e5 [&hellip;]<\/p>\n","protected":false},"author":1,"featured_media":0,"parent":0,"menu_order":0,"comment_status":"closed","ping_status":"closed","template":"","meta":{"_monsterinsights_skip_tracking":false,"_monsterinsights_sitenote_active":false,"_monsterinsights_sitenote_note":"","_monsterinsights_sitenote_category":0,"footnotes":""},"class_list":["post-4766","page","type-page","status-publish","hentry"],"yoast_head":"<!-- This site is optimized with the Yoast SEO plugin v27.2 - https:\/\/yoast.com\/product\/yoast-seo-wordpress\/ -->\n<title>Kalender - Camilla Elfving - Sundhedsklinik<\/title>\n<meta name=\"description\" content=\"Book din behandling nemt og hurtigt hos Camilla Elfving - Psykomotorisk Kinesiologi. Kan du ikke finde en passende tid? Kontakt mig p\u00e5 27476147 for personlig assistance. Jeg prioriterer hver klient og vender tilbage til dig snarest, hvis du efterlader en besked. Alternativt, send mig en SMS eller en besked via Messenger eller e-mail for hurtig kommunikation og fleksibel booking.\" \/>\n<meta name=\"robots\" content=\"index, follow, max-snippet:-1, max-image-preview:large, max-video-preview:-1\" \/>\n<link rel=\"canonical\" href=\"https:\/\/camillaelfving.dk\/index.php\/booking\/\" \/>\n<meta property=\"og:locale\" content=\"da_DK\" \/>\n<meta property=\"og:type\" content=\"article\" \/>\n<meta property=\"og:title\" content=\"Kalender - Camilla Elfving - Sundhedsklinik\" \/>\n<meta property=\"og:description\" content=\"Book din behandling nemt og hurtigt hos Camilla Elfving - Psykomotorisk Kinesiologi. Kan du ikke finde en passende tid? Kontakt mig p\u00e5 27476147 for personlig assistance. Jeg prioriterer hver klient og vender tilbage til dig snarest, hvis du efterlader en besked. Alternativt, send mig en SMS eller en besked via Messenger eller e-mail for hurtig kommunikation og fleksibel booking.\" \/>\n<meta property=\"og:url\" content=\"https:\/\/camillaelfving.dk\/index.php\/booking\/\" \/>\n<meta property=\"og:site_name\" content=\"Camilla Elfving - Sundhedsklinik\" \/>\n<meta property=\"article:modified_time\" content=\"2024-03-04T15:18:26+00:00\" \/>\n<meta name=\"twitter:card\" content=\"summary_large_image\" \/>\n<meta name=\"twitter:label1\" content=\"Estimeret l\u00e6setid\" \/>\n\t<meta name=\"twitter:data1\" content=\"1 minut\" \/>\n<script type=\"application\/ld+json\" class=\"yoast-schema-graph\">{\"@context\":\"https:\/\/schema.org\",\"@graph\":[{\"@type\":\"WebPage\",\"@id\":\"https:\/\/camillaelfving.dk\/index.php\/booking\/\",\"url\":\"https:\/\/camillaelfving.dk\/index.php\/booking\/\",\"name\":\"Kalender - Camilla Elfving - Sundhedsklinik\",\"isPartOf\":{\"@id\":\"https:\/\/camillaelfving.dk\/#website\"},\"datePublished\":\"2024-01-12T07:27:16+00:00\",\"dateModified\":\"2024-03-04T15:18:26+00:00\",\"description\":\"Book din behandling nemt og hurtigt hos Camilla Elfving - Psykomotorisk Kinesiologi. Kan du ikke finde en passende tid? Kontakt mig p\u00e5 27476147 for personlig assistance. Jeg prioriterer hver klient og vender tilbage til dig snarest, hvis du efterlader en besked. Alternativt, send mig en SMS eller en besked via Messenger eller e-mail for hurtig kommunikation og fleksibel booking.\",\"breadcrumb\":{\"@id\":\"https:\/\/camillaelfving.dk\/index.php\/booking\/#breadcrumb\"},\"inLanguage\":\"da-DK\",\"potentialAction\":[{\"@type\":\"ReadAction\",\"target\":[\"https:\/\/camillaelfving.dk\/index.php\/booking\/\"]}]},{\"@type\":\"BreadcrumbList\",\"@id\":\"https:\/\/camillaelfving.dk\/index.php\/booking\/#breadcrumb\",\"itemListElement\":[{\"@type\":\"ListItem\",\"position\":1,\"name\":\"Hjem\",\"item\":\"https:\/\/camillaelfving.dk\/\"},{\"@type\":\"ListItem\",\"position\":2,\"name\":\"Kalender\"}]},{\"@type\":\"WebSite\",\"@id\":\"https:\/\/camillaelfving.dk\/#website\",\"url\":\"https:\/\/camillaelfving.dk\/\",\"name\":\"Camilla Elfving - Sundhedsklinik\",\"description\":\"\",\"publisher\":{\"@id\":\"https:\/\/camillaelfving.dk\/#organization\"},\"potentialAction\":[{\"@type\":\"SearchAction\",\"target\":{\"@type\":\"EntryPoint\",\"urlTemplate\":\"https:\/\/camillaelfving.dk\/?s={search_term_string}\"},\"query-input\":{\"@type\":\"PropertyValueSpecification\",\"valueRequired\":true,\"valueName\":\"search_term_string\"}}],\"inLanguage\":\"da-DK\"},{\"@type\":\"Organization\",\"@id\":\"https:\/\/camillaelfving.dk\/#organization\",\"name\":\"Camilla Elfving - Sundhedsklinik\",\"url\":\"https:\/\/camillaelfving.dk\/\",\"logo\":{\"@type\":\"ImageObject\",\"inLanguage\":\"da-DK\",\"@id\":\"https:\/\/camillaelfving.dk\/#\/schema\/logo\/image\/\",\"url\":\"https:\/\/camillaelfving.dk\/wp-content\/uploads\/2024\/02\/cropped-Camilla-Elfving-Sundhedsklinik-Header-915-x-400-px-1250-x-378-px-915-x-300-px.png\",\"contentUrl\":\"https:\/\/camillaelfving.dk\/wp-content\/uploads\/2024\/02\/cropped-Camilla-Elfving-Sundhedsklinik-Header-915-x-400-px-1250-x-378-px-915-x-300-px.png\",\"width\":915,\"height\":300,\"caption\":\"Camilla Elfving - Sundhedsklinik\"},\"image\":{\"@id\":\"https:\/\/camillaelfving.dk\/#\/schema\/logo\/image\/\"}}]}<\/script>\n<!-- \/ Yoast SEO plugin. -->","yoast_head_json":{"title":"Kalender - Camilla Elfving - Sundhedsklinik","description":"Book din behandling nemt og hurtigt hos Camilla Elfving - Psykomotorisk Kinesiologi. Kan du ikke finde en passende tid? Kontakt mig p\u00e5 27476147 for personlig assistance. Jeg prioriterer hver klient og vender tilbage til dig snarest, hvis du efterlader en besked. Alternativt, send mig en SMS eller en besked via Messenger eller e-mail for hurtig kommunikation og fleksibel booking.","robots":{"index":"index","follow":"follow","max-snippet":"max-snippet:-1","max-image-preview":"max-image-preview:large","max-video-preview":"max-video-preview:-1"},"canonical":"https:\/\/camillaelfving.dk\/index.php\/booking\/","og_locale":"da_DK","og_type":"article","og_title":"Kalender - Camilla Elfving - Sundhedsklinik","og_description":"Book din behandling nemt og hurtigt hos Camilla Elfving - Psykomotorisk Kinesiologi. Kan du ikke finde en passende tid? Kontakt mig p\u00e5 27476147 for personlig assistance. Jeg prioriterer hver klient og vender tilbage til dig snarest, hvis du efterlader en besked. Alternativt, send mig en SMS eller en besked via Messenger eller e-mail for hurtig kommunikation og fleksibel booking.","og_url":"https:\/\/camillaelfving.dk\/index.php\/booking\/","og_site_name":"Camilla Elfving - Sundhedsklinik","article_modified_time":"2024-03-04T15:18:26+00:00","twitter_card":"summary_large_image","twitter_misc":{"Estimeret l\u00e6setid":"1 minut"},"schema":{"@context":"https:\/\/schema.org","@graph":[{"@type":"WebPage","@id":"https:\/\/camillaelfving.dk\/index.php\/booking\/","url":"https:\/\/camillaelfving.dk\/index.php\/booking\/","name":"Kalender - Camilla Elfving - Sundhedsklinik","isPartOf":{"@id":"https:\/\/camillaelfving.dk\/#website"},"datePublished":"2024-01-12T07:27:16+00:00","dateModified":"2024-03-04T15:18:26+00:00","description":"Book din behandling nemt og hurtigt hos Camilla Elfving - Psykomotorisk Kinesiologi. Kan du ikke finde en passende tid? Kontakt mig p\u00e5 27476147 for personlig assistance. Jeg prioriterer hver klient og vender tilbage til dig snarest, hvis du efterlader en besked. Alternativt, send mig en SMS eller en besked via Messenger eller e-mail for hurtig kommunikation og fleksibel booking.","breadcrumb":{"@id":"https:\/\/camillaelfving.dk\/index.php\/booking\/#breadcrumb"},"inLanguage":"da-DK","potentialAction":[{"@type":"ReadAction","target":["https:\/\/camillaelfving.dk\/index.php\/booking\/"]}]},{"@type":"BreadcrumbList","@id":"https:\/\/camillaelfving.dk\/index.php\/booking\/#breadcrumb","itemListElement":[{"@type":"ListItem","position":1,"name":"Hjem","item":"https:\/\/camillaelfving.dk\/"},{"@type":"ListItem","position":2,"name":"Kalender"}]},{"@type":"WebSite","@id":"https:\/\/camillaelfving.dk\/#website","url":"https:\/\/camillaelfving.dk\/","name":"Camilla Elfving - Sundhedsklinik","description":"","publisher":{"@id":"https:\/\/camillaelfving.dk\/#organization"},"potentialAction":[{"@type":"SearchAction","target":{"@type":"EntryPoint","urlTemplate":"https:\/\/camillaelfving.dk\/?s={search_term_string}"},"query-input":{"@type":"PropertyValueSpecification","valueRequired":true,"valueName":"search_term_string"}}],"inLanguage":"da-DK"},{"@type":"Organization","@id":"https:\/\/camillaelfving.dk\/#organization","name":"Camilla Elfving - Sundhedsklinik","url":"https:\/\/camillaelfving.dk\/","logo":{"@type":"ImageObject","inLanguage":"da-DK","@id":"https:\/\/camillaelfving.dk\/#\/schema\/logo\/image\/","url":"https:\/\/camillaelfving.dk\/wp-content\/uploads\/2024\/02\/cropped-Camilla-Elfving-Sundhedsklinik-Header-915-x-400-px-1250-x-378-px-915-x-300-px.png","contentUrl":"https:\/\/camillaelfving.dk\/wp-content\/uploads\/2024\/02\/cropped-Camilla-Elfving-Sundhedsklinik-Header-915-x-400-px-1250-x-378-px-915-x-300-px.png","width":915,"height":300,"caption":"Camilla Elfving - Sundhedsklinik"},"image":{"@id":"https:\/\/camillaelfving.dk\/#\/schema\/logo\/image\/"}}]}},"_links":{"self":[{"href":"https:\/\/camillaelfving.dk\/index.php\/wp-json\/wp\/v2\/pages\/4766","targetHints":{"allow":["GET"]}}],"collection":[{"href":"https:\/\/camillaelfving.dk\/index.php\/wp-json\/wp\/v2\/pages"}],"about":[{"href":"https:\/\/camillaelfving.dk\/index.php\/wp-json\/wp\/v2\/types\/page"}],"author":[{"embeddable":true,"href":"https:\/\/camillaelfving.dk\/index.php\/wp-json\/wp\/v2\/users\/1"}],"replies":[{"embeddable":true,"href":"https:\/\/camillaelfving.dk\/index.php\/wp-json\/wp\/v2\/comments?post=4766"}],"version-history":[{"count":8,"href":"https:\/\/camillaelfving.dk\/index.php\/wp-json\/wp\/v2\/pages\/4766\/revisions"}],"predecessor-version":[{"id":5074,"href":"https:\/\/camillaelfving.dk\/index.php\/wp-json\/wp\/v2\/pages\/4766\/revisions\/5074"}],"wp:attachment":[{"href":"https:\/\/camillaelfving.dk\/index.php\/wp-json\/wp\/v2\/media?parent=4766"}],"curies":[{"name":"wp","href":"https:\/\/api.w.org\/{rel}","templated":true}]}}