{"id":4886,"date":"2024-01-29T10:28:29","date_gmt":"2024-01-29T10:28:29","guid":{"rendered":"https:\/\/camillaelfving.dk\/?page_id=4886"},"modified":"2024-01-29T13:08:06","modified_gmt":"2024-01-29T13:08:06","slug":"grafisk","status":"publish","type":"page","link":"https:\/\/camillaelfving.dk\/index.php\/grafisk\/","title":{"rendered":"Grafisk"},"content":{"rendered":"\n<p>Som et lille levn fra &#8220;mit tidligere liv&#8221; &#8211; og som et lille afbr\u00e6k i d\u00e9t der ellers kendetegner min professionelle hverdag &#8211; laver jeg ogs\u00e5 forskellige former for grafisk arbejde p\u00e5 freelance basis. <br>Det v\u00e6re sig logoer, headere og bannere til sociale medier, hjemmesidedesign (pt kun wordpress) mm.<br><br>Dette g\u00f8r jeg &#8211; fordi jeg synes det er sjovt. Det er en for mig givende og oplagt mulighed for b\u00e5de at udfolde mig kreativt og samtidig hj\u00e6lpe andre mennesker med at v\u00e6re autentiske og blive deres bedste selv.<\/p>\n\n\n\n<p>Jeg har v\u00e6ret soloselvst\u00e6ndig siden 2015 &#8211; s\u00e5 jeg ved hvor sv\u00e6rt det kan v\u00e6re, at holde styr p\u00e5 alle de mange kasketter man skal have p\u00e5 og f\u00e6rdigheder man skal beherske, for i det mindste at f\u00f8le, at man sl\u00e5r til. <\/p>\n\n\n\n<p>For det meste kommer man s\u00e5 til at bruge al sin energi p\u00e5 noget, som slet ikke er d\u00e9t der er ens kerneydelse. Det man synes er sjovt. Og d\u00e9t som man virkelig er god til. <br>Det er dyrt &#8211; og du risikerer at br\u00e6nde ud.<\/p>\n\n\n\n<p>Tanken var jo, at du ville v\u00e6re selvst\u00e6ndig fordi du har noget helt s\u00e6rligt at tilbyde verden. Og det er h\u00f8jst sandsynligvis noget helt andet end at lege grafisk designer, tekstforfatter og SoMe ekspert p\u00e5 regelm\u00e6ssig basis.<\/p>\n\n\n\n<p>Derfor er det meget federe, at investere i at f\u00e5 noget hj\u00e6lp og uddelegere de opgaver man ikke rigtig f\u00e5r lavet &#8211; eller bare ikke er s\u00e6rlig god til &#8211; s\u00e5 man kan holde f\u00f8dderne solidt plantet p\u00e5 jorden i sit eget specialomr\u00e5de. <br><br>Jeg kan ikke tilbyde mit arbejde til samme pris som du kan finde p\u00e5 fiverr. Men jeg kan til geng\u00e6ld tilbyde dig et n\u00e6rt samarbejde og min skarpe hjerne og gode \u00f8je til at se hvad det er netop DU har brug for. Og samtidig til en fair pris, der ikke kommer til at ruinere dig. <\/p>\n\n\n\n<p>Jeg har en stor lidenskab for ord og er en passioneret ordsmed, n\u00e5r det kommer til f\u00e6ngende tekster med substans til de sociale medier. og s\u00e5 har jeg et s\u00e6rligt veludviklet \u00f8je, n\u00e5r det kommer til stavning. Stavefejl springer simpelthen direkte i \u00f8jnene p\u00e5 mig. S\u00e5 jeg kan ogs\u00e5 bruges til, at l\u00e6se korrektur p\u00e5 de tekster du allerede har skrevet. <\/p>\n\n\n\n<p>Har du  brug for at f\u00e5 flere interessante opslag p\u00e5 din virksomheds facebookside som fanger dine f\u00f8lgeres interesser og samtidig er solidt funderet i alt d\u00e9t der er dig?<\/p>\n\n\n\n<p>S\u00e5<a href=\"mailto:grafisk@camillaelfving.dk\"> grib fat i mig. <br><\/a><br>EKSEMPEL:  Det kan fx. v\u00e6re du har lyst til at k\u00f8re forskellige temauger &#8211; eller m\u00e5neder &#8211; hvor du har fokus p\u00e5 et specielt tema, som s\u00e5 afspejler sig i dine opslag den pgl. m\u00e5ned, for s\u00e5 at skifte til noget andet og p\u00e5 den m\u00e5de hele tiden skabe fornyelse og interesse for din forretning. <\/p>\n\n\n\n<p>Jeg er hjertens gerne behj\u00e6lpelig med dette &#8211; igen p\u00e5 freelance basis. <br>Men ogs\u00e5 gerne som et fast &#8220;redskab&#8221; i din v\u00e6rkt\u00f8jskasse. Skulle dette v\u00e6re tilf\u00e6ldet, s\u00e5 tilbyder jeg dig gerne en rabat &#8211; fordi jeg s\u00e5 ikke altid skal bruge ekstra tid p\u00e5 at s\u00e6tte mig ind i hvem DU er og hvordan din stil og tone ser ud og klinger.<\/p>\n\n\n\n<p> Nedenfor kan du se nogle f\u00e5 af de virksomheder jeg har arbejdet sammen med tidligere:<\/p>\n\n\n\n<p><\/p>\n\n\n<div class=\"wp-block-image\">\n<figure class=\"aligncenter size-large\"><img loading=\"lazy\" decoding=\"async\" width=\"1024\" height=\"306\" src=\"https:\/\/camillaelfving.dk\/wp-content\/uploads\/2024\/01\/Skaermbillede-2024-01-29-kl.-12.36.35-1024x306.png\" alt=\"Joan Skjold Akupunktur &amp; Kinesiologi\" class=\"wp-image-4910\" srcset=\"https:\/\/camillaelfving.dk\/wp-content\/uploads\/2024\/01\/Skaermbillede-2024-01-29-kl.-12.36.35-1024x306.png 1024w, https:\/\/camillaelfving.dk\/wp-content\/uploads\/2024\/01\/Skaermbillede-2024-01-29-kl.-12.36.35-300x90.png 300w, https:\/\/camillaelfving.dk\/wp-content\/uploads\/2024\/01\/Skaermbillede-2024-01-29-kl.-12.36.35-768x230.png 768w, https:\/\/camillaelfving.dk\/wp-content\/uploads\/2024\/01\/Skaermbillede-2024-01-29-kl.-12.36.35-1536x459.png 1536w, https:\/\/camillaelfving.dk\/wp-content\/uploads\/2024\/01\/Skaermbillede-2024-01-29-kl.-12.36.35-2048x612.png 2048w, https:\/\/camillaelfving.dk\/wp-content\/uploads\/2024\/01\/Skaermbillede-2024-01-29-kl.-12.36.35-1170x350.png 1170w, https:\/\/camillaelfving.dk\/wp-content\/uploads\/2024\/01\/Skaermbillede-2024-01-29-kl.-12.36.35-850x254.png 850w\" sizes=\"auto, (max-width: 1024px) 100vw, 1024px\" \/><\/figure>\n<\/div>\n\n\n<p class=\"has-text-align-center\"><a href=\"http:\/\/www.joanskjold.dk\">http:\/\/www.joanskjold.dk<\/a><\/p>\n\n\n\n<div style=\"height:25px\" aria-hidden=\"true\" class=\"wp-block-spacer\"><\/div>\n\n\n\n<div style=\"height:25px\" aria-hidden=\"true\" class=\"wp-block-spacer\"><\/div>\n\n\n<div class=\"wp-block-image\">\n<figure class=\"aligncenter size-large\"><a href=\"www.workinnn.dk\"><img loading=\"lazy\" decoding=\"async\" width=\"1024\" height=\"276\" src=\"https:\/\/camillaelfving.dk\/wp-content\/uploads\/2024\/01\/16122017_10212336052783346_1513616658_o-1024x276.jpg\" alt=\"\" class=\"wp-image-4907\" srcset=\"https:\/\/camillaelfving.dk\/wp-content\/uploads\/2024\/01\/16122017_10212336052783346_1513616658_o-1024x276.jpg 1024w, https:\/\/camillaelfving.dk\/wp-content\/uploads\/2024\/01\/16122017_10212336052783346_1513616658_o-300x81.jpg 300w, https:\/\/camillaelfving.dk\/wp-content\/uploads\/2024\/01\/16122017_10212336052783346_1513616658_o-768x207.jpg 768w, https:\/\/camillaelfving.dk\/wp-content\/uploads\/2024\/01\/16122017_10212336052783346_1513616658_o-1536x414.jpg 1536w, https:\/\/camillaelfving.dk\/wp-content\/uploads\/2024\/01\/16122017_10212336052783346_1513616658_o-2048x552.jpg 2048w, https:\/\/camillaelfving.dk\/wp-content\/uploads\/2024\/01\/16122017_10212336052783346_1513616658_o-1170x315.jpg 1170w, https:\/\/camillaelfving.dk\/wp-content\/uploads\/2024\/01\/16122017_10212336052783346_1513616658_o-850x229.jpg 850w\" sizes=\"auto, (max-width: 1024px) 100vw, 1024px\" \/><\/a><\/figure>\n<\/div>\n\n\n<p class=\"has-text-align-center\"><a href=\"http:\/\/www.workinnn.dk\">www.workinn.dk<\/a><\/p>\n\n\n\n<div style=\"height:25px\" aria-hidden=\"true\" class=\"wp-block-spacer\"><\/div>\n\n\n\n<div style=\"height:25px\" aria-hidden=\"true\" class=\"wp-block-spacer\"><\/div>\n\n\n\n<div style=\"height:25px\" aria-hidden=\"true\" class=\"wp-block-spacer\"><\/div>\n\n\n<div class=\"wp-block-image\">\n<figure class=\"aligncenter size-full\"><img loading=\"lazy\" decoding=\"async\" width=\"1024\" height=\"311\" src=\"https:\/\/camillaelfving.dk\/wp-content\/uploads\/2024\/01\/NetvaerkRanders_Logo-1024x311-1.png\" alt=\"\" class=\"wp-image-4911\" srcset=\"https:\/\/camillaelfving.dk\/wp-content\/uploads\/2024\/01\/NetvaerkRanders_Logo-1024x311-1.png 1024w, https:\/\/camillaelfving.dk\/wp-content\/uploads\/2024\/01\/NetvaerkRanders_Logo-1024x311-1-300x91.png 300w, https:\/\/camillaelfving.dk\/wp-content\/uploads\/2024\/01\/NetvaerkRanders_Logo-1024x311-1-768x233.png 768w, https:\/\/camillaelfving.dk\/wp-content\/uploads\/2024\/01\/NetvaerkRanders_Logo-1024x311-1-850x258.png 850w\" sizes=\"auto, (max-width: 1024px) 100vw, 1024px\" \/><\/figure>\n<\/div>\n\n\n<p class=\"has-text-align-center\"><a href=\"http:\/\/www.netvaerkranders.dk\">www.netvaerkranders.dk<\/a><\/p>\n\n\n\n<div style=\"height:25px\" aria-hidden=\"true\" class=\"wp-block-spacer\"><\/div>\n\n\n\n<div class=\"wp-block-buttons is-content-justification-center is-layout-flex wp-container-core-buttons-is-layout-16018d1d wp-block-buttons-is-layout-flex\"><\/div>\n\n\n\n<div style=\"height:25px\" aria-hidden=\"true\" class=\"wp-block-spacer\"><\/div>\n\n\n\n<div style=\"height:25px\" aria-hidden=\"true\" class=\"wp-block-spacer\"><\/div>\n\n\n<div class=\"wp-block-image\">\n<figure class=\"aligncenter size-full\"><a href=\"www.attenzione.dk\"><img loading=\"lazy\" decoding=\"async\" width=\"500\" height=\"206\" src=\"https:\/\/camillaelfving.dk\/wp-content\/uploads\/2024\/01\/Logo-Attenzione.png\" alt=\"\" class=\"wp-image-4905\" srcset=\"https:\/\/camillaelfving.dk\/wp-content\/uploads\/2024\/01\/Logo-Attenzione.png 500w, https:\/\/camillaelfving.dk\/wp-content\/uploads\/2024\/01\/Logo-Attenzione-300x124.png 300w\" sizes=\"auto, (max-width: 500px) 100vw, 500px\" \/><\/a><\/figure>\n<\/div>\n\n\n<p class=\"has-text-align-center\"><a href=\"http:\/\/www.attenzione.dk\">www.attenzione.dk<\/a><\/p>\n\n\n\n<div style=\"height:25px\" aria-hidden=\"true\" class=\"wp-block-spacer\"><\/div>\n\n\n\n<p><\/p>\n","protected":false},"excerpt":{"rendered":"<p>Som et lille levn fra &#8220;mit tidligere liv&#8221; &#8211; og som et lille afbr\u00e6k i d\u00e9t der ellers kendetegner min professionelle hverdag &#8211; laver jeg ogs\u00e5 forskellige former for grafisk arbejde p\u00e5 freelance basis. Det v\u00e6re sig logoer, headere og bannere til sociale medier, hjemmesidedesign (pt kun wordpress) mm. Dette g\u00f8r [&hellip;]<\/p>\n","protected":false},"author":1,"featured_media":0,"parent":0,"menu_order":0,"comment_status":"closed","ping_status":"closed","template":"page-template\/template-full-width.php","meta":{"_monsterinsights_skip_tracking":false,"_monsterinsights_sitenote_active":false,"_monsterinsights_sitenote_note":"","_monsterinsights_sitenote_category":0,"footnotes":""},"class_list":["post-4886","page","type-page","status-publish","hentry"],"yoast_head":"<!-- This site is optimized with the Yoast SEO plugin v27.2 - https:\/\/yoast.com\/product\/yoast-seo-wordpress\/ -->\n<title>Grafisk - Camilla Elfving - Sundhedsklinik<\/title>\n<meta name=\"robots\" content=\"index, follow, max-snippet:-1, max-image-preview:large, max-video-preview:-1\" \/>\n<link rel=\"canonical\" href=\"https:\/\/camillaelfving.dk\/index.php\/grafisk\/\" \/>\n<meta property=\"og:locale\" content=\"da_DK\" \/>\n<meta property=\"og:type\" content=\"article\" \/>\n<meta property=\"og:title\" content=\"Grafisk - Camilla Elfving - Sundhedsklinik\" \/>\n<meta property=\"og:description\" content=\"Som et lille levn fra &#8220;mit tidligere liv&#8221; &#8211; og som et lille afbr\u00e6k i d\u00e9t der ellers kendetegner min professionelle hverdag &#8211; laver jeg ogs\u00e5 forskellige former for grafisk arbejde p\u00e5 freelance basis. Det v\u00e6re sig logoer, headere og bannere til sociale medier, hjemmesidedesign (pt kun wordpress) mm. Dette g\u00f8r [&hellip;]\" \/>\n<meta property=\"og:url\" content=\"https:\/\/camillaelfving.dk\/index.php\/grafisk\/\" \/>\n<meta property=\"og:site_name\" content=\"Camilla Elfving - Sundhedsklinik\" \/>\n<meta property=\"article:modified_time\" content=\"2024-01-29T13:08:06+00:00\" \/>\n<meta property=\"og:image\" content=\"https:\/\/camillaelfving.dk\/wp-content\/uploads\/2024\/01\/Skaermbillede-2024-01-29-kl.-12.36.35-1024x306.png\" \/>\n<meta name=\"twitter:card\" content=\"summary_large_image\" \/>\n<meta name=\"twitter:label1\" content=\"Estimeret l\u00e6setid\" \/>\n\t<meta name=\"twitter:data1\" content=\"4 minutter\" \/>\n<script type=\"application\/ld+json\" class=\"yoast-schema-graph\">{\"@context\":\"https:\/\/schema.org\",\"@graph\":[{\"@type\":\"WebPage\",\"@id\":\"https:\/\/camillaelfving.dk\/index.php\/grafisk\/\",\"url\":\"https:\/\/camillaelfving.dk\/index.php\/grafisk\/\",\"name\":\"Grafisk - Camilla Elfving - Sundhedsklinik\",\"isPartOf\":{\"@id\":\"https:\/\/camillaelfving.dk\/#website\"},\"primaryImageOfPage\":{\"@id\":\"https:\/\/camillaelfving.dk\/index.php\/grafisk\/#primaryimage\"},\"image\":{\"@id\":\"https:\/\/camillaelfving.dk\/index.php\/grafisk\/#primaryimage\"},\"thumbnailUrl\":\"https:\/\/camillaelfving.dk\/wp-content\/uploads\/2024\/01\/Skaermbillede-2024-01-29-kl.-12.36.35-1024x306.png\",\"datePublished\":\"2024-01-29T10:28:29+00:00\",\"dateModified\":\"2024-01-29T13:08:06+00:00\",\"breadcrumb\":{\"@id\":\"https:\/\/camillaelfving.dk\/index.php\/grafisk\/#breadcrumb\"},\"inLanguage\":\"da-DK\",\"potentialAction\":[{\"@type\":\"ReadAction\",\"target\":[\"https:\/\/camillaelfving.dk\/index.php\/grafisk\/\"]}]},{\"@type\":\"ImageObject\",\"inLanguage\":\"da-DK\",\"@id\":\"https:\/\/camillaelfving.dk\/index.php\/grafisk\/#primaryimage\",\"url\":\"https:\/\/camillaelfving.dk\/wp-content\/uploads\/2024\/01\/Skaermbillede-2024-01-29-kl.-12.36.35.png\",\"contentUrl\":\"https:\/\/camillaelfving.dk\/wp-content\/uploads\/2024\/01\/Skaermbillede-2024-01-29-kl.-12.36.35.png\",\"width\":3190,\"height\":954},{\"@type\":\"BreadcrumbList\",\"@id\":\"https:\/\/camillaelfving.dk\/index.php\/grafisk\/#breadcrumb\",\"itemListElement\":[{\"@type\":\"ListItem\",\"position\":1,\"name\":\"Hjem\",\"item\":\"https:\/\/camillaelfving.dk\/\"},{\"@type\":\"ListItem\",\"position\":2,\"name\":\"Grafisk\"}]},{\"@type\":\"WebSite\",\"@id\":\"https:\/\/camillaelfving.dk\/#website\",\"url\":\"https:\/\/camillaelfving.dk\/\",\"name\":\"Camilla Elfving - Sundhedsklinik\",\"description\":\"\",\"publisher\":{\"@id\":\"https:\/\/camillaelfving.dk\/#organization\"},\"potentialAction\":[{\"@type\":\"SearchAction\",\"target\":{\"@type\":\"EntryPoint\",\"urlTemplate\":\"https:\/\/camillaelfving.dk\/?s={search_term_string}\"},\"query-input\":{\"@type\":\"PropertyValueSpecification\",\"valueRequired\":true,\"valueName\":\"search_term_string\"}}],\"inLanguage\":\"da-DK\"},{\"@type\":\"Organization\",\"@id\":\"https:\/\/camillaelfving.dk\/#organization\",\"name\":\"Camilla Elfving - Sundhedsklinik\",\"url\":\"https:\/\/camillaelfving.dk\/\",\"logo\":{\"@type\":\"ImageObject\",\"inLanguage\":\"da-DK\",\"@id\":\"https:\/\/camillaelfving.dk\/#\/schema\/logo\/image\/\",\"url\":\"https:\/\/camillaelfving.dk\/wp-content\/uploads\/2024\/02\/cropped-Camilla-Elfving-Sundhedsklinik-Header-915-x-400-px-1250-x-378-px-915-x-300-px.png\",\"contentUrl\":\"https:\/\/camillaelfving.dk\/wp-content\/uploads\/2024\/02\/cropped-Camilla-Elfving-Sundhedsklinik-Header-915-x-400-px-1250-x-378-px-915-x-300-px.png\",\"width\":915,\"height\":300,\"caption\":\"Camilla Elfving - Sundhedsklinik\"},\"image\":{\"@id\":\"https:\/\/camillaelfving.dk\/#\/schema\/logo\/image\/\"}}]}<\/script>\n<!-- \/ Yoast SEO plugin. -->","yoast_head_json":{"title":"Grafisk - Camilla Elfving - Sundhedsklinik","robots":{"index":"index","follow":"follow","max-snippet":"max-snippet:-1","max-image-preview":"max-image-preview:large","max-video-preview":"max-video-preview:-1"},"canonical":"https:\/\/camillaelfving.dk\/index.php\/grafisk\/","og_locale":"da_DK","og_type":"article","og_title":"Grafisk - Camilla Elfving - Sundhedsklinik","og_description":"Som et lille levn fra &#8220;mit tidligere liv&#8221; &#8211; og som et lille afbr\u00e6k i d\u00e9t der ellers kendetegner min professionelle hverdag &#8211; laver jeg ogs\u00e5 forskellige former for grafisk arbejde p\u00e5 freelance basis. Det v\u00e6re sig logoer, headere og bannere til sociale medier, hjemmesidedesign (pt kun wordpress) mm. Dette g\u00f8r [&hellip;]","og_url":"https:\/\/camillaelfving.dk\/index.php\/grafisk\/","og_site_name":"Camilla Elfving - Sundhedsklinik","article_modified_time":"2024-01-29T13:08:06+00:00","og_image":[{"url":"https:\/\/camillaelfving.dk\/wp-content\/uploads\/2024\/01\/Skaermbillede-2024-01-29-kl.-12.36.35-1024x306.png","type":"","width":"","height":""}],"twitter_card":"summary_large_image","twitter_misc":{"Estimeret l\u00e6setid":"4 minutter"},"schema":{"@context":"https:\/\/schema.org","@graph":[{"@type":"WebPage","@id":"https:\/\/camillaelfving.dk\/index.php\/grafisk\/","url":"https:\/\/camillaelfving.dk\/index.php\/grafisk\/","name":"Grafisk - Camilla Elfving - Sundhedsklinik","isPartOf":{"@id":"https:\/\/camillaelfving.dk\/#website"},"primaryImageOfPage":{"@id":"https:\/\/camillaelfving.dk\/index.php\/grafisk\/#primaryimage"},"image":{"@id":"https:\/\/camillaelfving.dk\/index.php\/grafisk\/#primaryimage"},"thumbnailUrl":"https:\/\/camillaelfving.dk\/wp-content\/uploads\/2024\/01\/Skaermbillede-2024-01-29-kl.-12.36.35-1024x306.png","datePublished":"2024-01-29T10:28:29+00:00","dateModified":"2024-01-29T13:08:06+00:00","breadcrumb":{"@id":"https:\/\/camillaelfving.dk\/index.php\/grafisk\/#breadcrumb"},"inLanguage":"da-DK","potentialAction":[{"@type":"ReadAction","target":["https:\/\/camillaelfving.dk\/index.php\/grafisk\/"]}]},{"@type":"ImageObject","inLanguage":"da-DK","@id":"https:\/\/camillaelfving.dk\/index.php\/grafisk\/#primaryimage","url":"https:\/\/camillaelfving.dk\/wp-content\/uploads\/2024\/01\/Skaermbillede-2024-01-29-kl.-12.36.35.png","contentUrl":"https:\/\/camillaelfving.dk\/wp-content\/uploads\/2024\/01\/Skaermbillede-2024-01-29-kl.-12.36.35.png","width":3190,"height":954},{"@type":"BreadcrumbList","@id":"https:\/\/camillaelfving.dk\/index.php\/grafisk\/#breadcrumb","itemListElement":[{"@type":"ListItem","position":1,"name":"Hjem","item":"https:\/\/camillaelfving.dk\/"},{"@type":"ListItem","position":2,"name":"Grafisk"}]},{"@type":"WebSite","@id":"https:\/\/camillaelfving.dk\/#website","url":"https:\/\/camillaelfving.dk\/","name":"Camilla Elfving - Sundhedsklinik","description":"","publisher":{"@id":"https:\/\/camillaelfving.dk\/#organization"},"potentialAction":[{"@type":"SearchAction","target":{"@type":"EntryPoint","urlTemplate":"https:\/\/camillaelfving.dk\/?s={search_term_string}"},"query-input":{"@type":"PropertyValueSpecification","valueRequired":true,"valueName":"search_term_string"}}],"inLanguage":"da-DK"},{"@type":"Organization","@id":"https:\/\/camillaelfving.dk\/#organization","name":"Camilla Elfving - Sundhedsklinik","url":"https:\/\/camillaelfving.dk\/","logo":{"@type":"ImageObject","inLanguage":"da-DK","@id":"https:\/\/camillaelfving.dk\/#\/schema\/logo\/image\/","url":"https:\/\/camillaelfving.dk\/wp-content\/uploads\/2024\/02\/cropped-Camilla-Elfving-Sundhedsklinik-Header-915-x-400-px-1250-x-378-px-915-x-300-px.png","contentUrl":"https:\/\/camillaelfving.dk\/wp-content\/uploads\/2024\/02\/cropped-Camilla-Elfving-Sundhedsklinik-Header-915-x-400-px-1250-x-378-px-915-x-300-px.png","width":915,"height":300,"caption":"Camilla Elfving - Sundhedsklinik"},"image":{"@id":"https:\/\/camillaelfving.dk\/#\/schema\/logo\/image\/"}}]}},"_links":{"self":[{"href":"https:\/\/camillaelfving.dk\/index.php\/wp-json\/wp\/v2\/pages\/4886","targetHints":{"allow":["GET"]}}],"collection":[{"href":"https:\/\/camillaelfving.dk\/index.php\/wp-json\/wp\/v2\/pages"}],"about":[{"href":"https:\/\/camillaelfving.dk\/index.php\/wp-json\/wp\/v2\/types\/page"}],"author":[{"embeddable":true,"href":"https:\/\/camillaelfving.dk\/index.php\/wp-json\/wp\/v2\/users\/1"}],"replies":[{"embeddable":true,"href":"https:\/\/camillaelfving.dk\/index.php\/wp-json\/wp\/v2\/comments?post=4886"}],"version-history":[{"count":12,"href":"https:\/\/camillaelfving.dk\/index.php\/wp-json\/wp\/v2\/pages\/4886\/revisions"}],"predecessor-version":[{"id":4926,"href":"https:\/\/camillaelfving.dk\/index.php\/wp-json\/wp\/v2\/pages\/4886\/revisions\/4926"}],"wp:attachment":[{"href":"https:\/\/camillaelfving.dk\/index.php\/wp-json\/wp\/v2\/media?parent=4886"}],"curies":[{"name":"wp","href":"https:\/\/api.w.org\/{rel}","templated":true}]}}