{"id":4989,"date":"2024-02-08T04:45:05","date_gmt":"2024-02-08T04:45:05","guid":{"rendered":"https:\/\/camillaelfving.dk\/?page_id=4989"},"modified":"2025-05-13T16:30:26","modified_gmt":"2025-05-13T16:30:26","slug":"kurser-og-uddannelser","status":"publish","type":"page","link":"https:\/\/camillaelfving.dk\/index.php\/kurser-og-uddannelser\/","title":{"rendered":"Kurser og uddannelser"},"content":{"rendered":"\n<p>Ikke listet i kronologisk r\u00e6kkef\u00f8lge, men ud fra personligt v\u00e6gtet relevans og vigtighed.<\/p>\n\n\n\n<div style=\"height:25px\" aria-hidden=\"true\" class=\"wp-block-spacer\"><\/div>\n\n\n\n<ul class=\"wp-block-list\">\n<li><strong><span style=\"text-decoration: underline;\">Kinesiolog RAB<\/span><\/strong> ved <a href=\"http:\/\/www.danskekinesiologer.dk\/behandere\/\"><strong>Danske Kinesiologer<\/strong><\/a><\/li>\n<\/ul>\n\n\n\n<div style=\"height:25px\" aria-hidden=\"true\" class=\"wp-block-spacer\"><\/div>\n\n\n\n<ul class=\"wp-block-list\">\n<li><strong>Kurser ved ved Philip Rafferty , Germaine Byrne &amp; Birgit Nielsen\/Kinesiologiakademiet<\/strong><\/li>\n\n\n\n<li><em>Kinergetics 1-6 <\/em><\/li>\n\n\n\n<li><em>Masterclasses 1 &amp; 2 <\/em><\/li>\n\n\n\n<li><em>BNT <\/em><\/li>\n\n\n\n<li><em>Stretch for Health<\/em><\/li>\n\n\n\n<li><em>Reset 1, 2 &amp; 3<\/em><br><br><\/li>\n<\/ul>\n\n\n\n<div style=\"height:25px\" aria-hidden=\"true\" class=\"wp-block-spacer\"><\/div>\n\n\n\n<ul class=\"wp-block-list\">\n<li><strong>Kurser og uddannelse ved <a href=\"https:\/\/kinesiologi-akademiet.dk\/\">Kinesiologiakademiet<\/a><\/strong><\/li>\n\n\n\n<li><em>Touch for Health 1-4<\/em><\/li>\n\n\n\n<li><em>CHAKRA kursus<\/em><\/li>\n\n\n\n<li><em>Metaforkursus<\/em><\/li>\n\n\n\n<li><em>Meridiankursus <\/em><\/li>\n<\/ul>\n\n\n\n<div style=\"height:25px\" aria-hidden=\"true\" class=\"wp-block-spacer\"><\/div>\n\n\n\n<ul class=\"wp-block-list\">\n<li><strong>Kurser ved Karin Jensen\/Karins Helse Klinik<\/strong><\/li>\n\n\n\n<li>Praktisk Kinesiologi &#8211; Succes i Klinikken<\/li>\n\n\n\n<li>Matrix 1-5<\/li>\n<\/ul>\n\n\n\n<div style=\"height:25px\" aria-hidden=\"true\" class=\"wp-block-spacer\"><\/div>\n\n\n\n<ul class=\"wp-block-list\">\n<li><strong>Kurser ved Jette Hiltmar\/Balancepunktet<\/strong><\/li>\n\n\n\n<li><em>Energicentre\/Chakra<\/em><\/li>\n<\/ul>\n\n\n\n<div style=\"height:25px\" aria-hidden=\"true\" class=\"wp-block-spacer\"><\/div>\n\n\n\n<ul class=\"wp-block-list\">\n<li><strong><span style=\"text-decoration: underline;\">Professionsbachelor i psykomotorik &#8211; fysiologi, anatomi og psykologi fra VIA University College<\/span><\/strong><br><\/li>\n<\/ul>\n\n\n\n<div style=\"height:25px\" aria-hidden=\"true\" class=\"wp-block-spacer\"><\/div>\n\n\n\n<ul class=\"wp-block-list\">\n<li>Akupunkt\u00f8r D.Ac.<br><\/li>\n<\/ul>\n\n\n\n<div style=\"height:25px\" aria-hidden=\"true\" class=\"wp-block-spacer\"><\/div>\n\n\n\n<ul class=\"wp-block-list\">\n<li><strong><span style=\"text-decoration: underline;\">Auriculoterapeut &amp; Posturolog &#8211; uddannet ved <a href=\"https:\/\/gmiinstitute.com\/akupunktur-uddannelse\/\">Rikke Godthj\u00e6lp\/Godthj\u00e6lp institute<\/a><\/span><\/strong>\n<ul class=\"wp-block-list\">\n<li><strong>Auriculoterapi<\/strong> &#8211; akupunktur med speciale i \u00f8ret<\/li>\n\n\n\n<li><strong>Auriculomedicin<\/strong> &#8211; avanceret auriculoterapi<\/li>\n\n\n\n<li><strong>Posturologi<\/strong> &#8211; kropsgenopretning med auriculoterapi<\/li>\n\n\n\n<li><strong>Chromoterapi<\/strong> &#8211; behandling med lys og farver<br><\/li>\n<\/ul>\n<\/li>\n<\/ul>\n\n\n\n<div style=\"height:25px\" aria-hidden=\"true\" class=\"wp-block-spacer\"><\/div>\n\n\n\n<ul class=\"wp-block-list\">\n<li>Certificeret kostvejleder med speciale i v\u00e6gttab og Aktiv Ern\u00e6ring\/Sportsern\u00e6ring i ved Atwork.dk<\/li>\n\n\n\n<li>Kraniosakralterapeut ved R\u00f8rb\u00e6kklinikken<\/li>\n\n\n\n<li>Hypnoterapeut RTT &#8211; uddannet i London ved Marisa Peer<\/li>\n\n\n\n<li>L\u00e6geeksamineret fysiurgisk mass\u00f8r<\/li>\n<\/ul>\n","protected":false},"excerpt":{"rendered":"<p>Ikke listet i kronologisk r\u00e6kkef\u00f8lge, men ud fra personligt v\u00e6gtet relevans og vigtighed.<\/p>\n","protected":false},"author":1,"featured_media":0,"parent":0,"menu_order":0,"comment_status":"closed","ping_status":"closed","template":"","meta":{"_monsterinsights_skip_tracking":false,"_monsterinsights_sitenote_active":false,"_monsterinsights_sitenote_note":"","_monsterinsights_sitenote_category":0,"footnotes":""},"class_list":["post-4989","page","type-page","status-publish","hentry"],"yoast_head":"<!-- This site is optimized with the Yoast SEO plugin v27.2 - https:\/\/yoast.com\/product\/yoast-seo-wordpress\/ -->\n<title>Kurser og uddannelser - Camilla Elfving - Sundhedsklinik<\/title>\n<meta name=\"robots\" content=\"index, follow, max-snippet:-1, max-image-preview:large, max-video-preview:-1\" \/>\n<link rel=\"canonical\" href=\"https:\/\/camillaelfving.dk\/index.php\/kurser-og-uddannelser\/\" \/>\n<meta property=\"og:locale\" content=\"da_DK\" \/>\n<meta property=\"og:type\" content=\"article\" \/>\n<meta property=\"og:title\" content=\"Kurser og uddannelser - Camilla Elfving - Sundhedsklinik\" \/>\n<meta property=\"og:description\" content=\"Ikke listet i kronologisk r\u00e6kkef\u00f8lge, men ud fra personligt v\u00e6gtet relevans og vigtighed.\" \/>\n<meta property=\"og:url\" content=\"https:\/\/camillaelfving.dk\/index.php\/kurser-og-uddannelser\/\" \/>\n<meta property=\"og:site_name\" content=\"Camilla Elfving - Sundhedsklinik\" \/>\n<meta property=\"article:modified_time\" content=\"2025-05-13T16:30:26+00:00\" \/>\n<meta name=\"twitter:card\" content=\"summary_large_image\" \/>\n<meta name=\"twitter:label1\" content=\"Estimeret l\u00e6setid\" \/>\n\t<meta name=\"twitter:data1\" content=\"1 minut\" \/>\n<script type=\"application\/ld+json\" class=\"yoast-schema-graph\">{\"@context\":\"https:\/\/schema.org\",\"@graph\":[{\"@type\":\"WebPage\",\"@id\":\"https:\/\/camillaelfving.dk\/index.php\/kurser-og-uddannelser\/\",\"url\":\"https:\/\/camillaelfving.dk\/index.php\/kurser-og-uddannelser\/\",\"name\":\"Kurser og uddannelser - Camilla Elfving - Sundhedsklinik\",\"isPartOf\":{\"@id\":\"https:\/\/camillaelfving.dk\/#website\"},\"datePublished\":\"2024-02-08T04:45:05+00:00\",\"dateModified\":\"2025-05-13T16:30:26+00:00\",\"breadcrumb\":{\"@id\":\"https:\/\/camillaelfving.dk\/index.php\/kurser-og-uddannelser\/#breadcrumb\"},\"inLanguage\":\"da-DK\",\"potentialAction\":[{\"@type\":\"ReadAction\",\"target\":[\"https:\/\/camillaelfving.dk\/index.php\/kurser-og-uddannelser\/\"]}]},{\"@type\":\"BreadcrumbList\",\"@id\":\"https:\/\/camillaelfving.dk\/index.php\/kurser-og-uddannelser\/#breadcrumb\",\"itemListElement\":[{\"@type\":\"ListItem\",\"position\":1,\"name\":\"Hjem\",\"item\":\"https:\/\/camillaelfving.dk\/\"},{\"@type\":\"ListItem\",\"position\":2,\"name\":\"Kurser og uddannelser\"}]},{\"@type\":\"WebSite\",\"@id\":\"https:\/\/camillaelfving.dk\/#website\",\"url\":\"https:\/\/camillaelfving.dk\/\",\"name\":\"Camilla Elfving - Sundhedsklinik\",\"description\":\"\",\"publisher\":{\"@id\":\"https:\/\/camillaelfving.dk\/#organization\"},\"potentialAction\":[{\"@type\":\"SearchAction\",\"target\":{\"@type\":\"EntryPoint\",\"urlTemplate\":\"https:\/\/camillaelfving.dk\/?s={search_term_string}\"},\"query-input\":{\"@type\":\"PropertyValueSpecification\",\"valueRequired\":true,\"valueName\":\"search_term_string\"}}],\"inLanguage\":\"da-DK\"},{\"@type\":\"Organization\",\"@id\":\"https:\/\/camillaelfving.dk\/#organization\",\"name\":\"Camilla Elfving - Sundhedsklinik\",\"url\":\"https:\/\/camillaelfving.dk\/\",\"logo\":{\"@type\":\"ImageObject\",\"inLanguage\":\"da-DK\",\"@id\":\"https:\/\/camillaelfving.dk\/#\/schema\/logo\/image\/\",\"url\":\"https:\/\/camillaelfving.dk\/wp-content\/uploads\/2024\/02\/cropped-Camilla-Elfving-Sundhedsklinik-Header-915-x-400-px-1250-x-378-px-915-x-300-px.png\",\"contentUrl\":\"https:\/\/camillaelfving.dk\/wp-content\/uploads\/2024\/02\/cropped-Camilla-Elfving-Sundhedsklinik-Header-915-x-400-px-1250-x-378-px-915-x-300-px.png\",\"width\":915,\"height\":300,\"caption\":\"Camilla Elfving - Sundhedsklinik\"},\"image\":{\"@id\":\"https:\/\/camillaelfving.dk\/#\/schema\/logo\/image\/\"}}]}<\/script>\n<!-- \/ Yoast SEO plugin. -->","yoast_head_json":{"title":"Kurser og uddannelser - Camilla Elfving - Sundhedsklinik","robots":{"index":"index","follow":"follow","max-snippet":"max-snippet:-1","max-image-preview":"max-image-preview:large","max-video-preview":"max-video-preview:-1"},"canonical":"https:\/\/camillaelfving.dk\/index.php\/kurser-og-uddannelser\/","og_locale":"da_DK","og_type":"article","og_title":"Kurser og uddannelser - Camilla Elfving - Sundhedsklinik","og_description":"Ikke listet i kronologisk r\u00e6kkef\u00f8lge, men ud fra personligt v\u00e6gtet relevans og vigtighed.","og_url":"https:\/\/camillaelfving.dk\/index.php\/kurser-og-uddannelser\/","og_site_name":"Camilla Elfving - Sundhedsklinik","article_modified_time":"2025-05-13T16:30:26+00:00","twitter_card":"summary_large_image","twitter_misc":{"Estimeret l\u00e6setid":"1 minut"},"schema":{"@context":"https:\/\/schema.org","@graph":[{"@type":"WebPage","@id":"https:\/\/camillaelfving.dk\/index.php\/kurser-og-uddannelser\/","url":"https:\/\/camillaelfving.dk\/index.php\/kurser-og-uddannelser\/","name":"Kurser og uddannelser - Camilla Elfving - Sundhedsklinik","isPartOf":{"@id":"https:\/\/camillaelfving.dk\/#website"},"datePublished":"2024-02-08T04:45:05+00:00","dateModified":"2025-05-13T16:30:26+00:00","breadcrumb":{"@id":"https:\/\/camillaelfving.dk\/index.php\/kurser-og-uddannelser\/#breadcrumb"},"inLanguage":"da-DK","potentialAction":[{"@type":"ReadAction","target":["https:\/\/camillaelfving.dk\/index.php\/kurser-og-uddannelser\/"]}]},{"@type":"BreadcrumbList","@id":"https:\/\/camillaelfving.dk\/index.php\/kurser-og-uddannelser\/#breadcrumb","itemListElement":[{"@type":"ListItem","position":1,"name":"Hjem","item":"https:\/\/camillaelfving.dk\/"},{"@type":"ListItem","position":2,"name":"Kurser og uddannelser"}]},{"@type":"WebSite","@id":"https:\/\/camillaelfving.dk\/#website","url":"https:\/\/camillaelfving.dk\/","name":"Camilla Elfving - Sundhedsklinik","description":"","publisher":{"@id":"https:\/\/camillaelfving.dk\/#organization"},"potentialAction":[{"@type":"SearchAction","target":{"@type":"EntryPoint","urlTemplate":"https:\/\/camillaelfving.dk\/?s={search_term_string}"},"query-input":{"@type":"PropertyValueSpecification","valueRequired":true,"valueName":"search_term_string"}}],"inLanguage":"da-DK"},{"@type":"Organization","@id":"https:\/\/camillaelfving.dk\/#organization","name":"Camilla Elfving - Sundhedsklinik","url":"https:\/\/camillaelfving.dk\/","logo":{"@type":"ImageObject","inLanguage":"da-DK","@id":"https:\/\/camillaelfving.dk\/#\/schema\/logo\/image\/","url":"https:\/\/camillaelfving.dk\/wp-content\/uploads\/2024\/02\/cropped-Camilla-Elfving-Sundhedsklinik-Header-915-x-400-px-1250-x-378-px-915-x-300-px.png","contentUrl":"https:\/\/camillaelfving.dk\/wp-content\/uploads\/2024\/02\/cropped-Camilla-Elfving-Sundhedsklinik-Header-915-x-400-px-1250-x-378-px-915-x-300-px.png","width":915,"height":300,"caption":"Camilla Elfving - Sundhedsklinik"},"image":{"@id":"https:\/\/camillaelfving.dk\/#\/schema\/logo\/image\/"}}]}},"_links":{"self":[{"href":"https:\/\/camillaelfving.dk\/index.php\/wp-json\/wp\/v2\/pages\/4989","targetHints":{"allow":["GET"]}}],"collection":[{"href":"https:\/\/camillaelfving.dk\/index.php\/wp-json\/wp\/v2\/pages"}],"about":[{"href":"https:\/\/camillaelfving.dk\/index.php\/wp-json\/wp\/v2\/types\/page"}],"author":[{"embeddable":true,"href":"https:\/\/camillaelfving.dk\/index.php\/wp-json\/wp\/v2\/users\/1"}],"replies":[{"embeddable":true,"href":"https:\/\/camillaelfving.dk\/index.php\/wp-json\/wp\/v2\/comments?post=4989"}],"version-history":[{"count":11,"href":"https:\/\/camillaelfving.dk\/index.php\/wp-json\/wp\/v2\/pages\/4989\/revisions"}],"predecessor-version":[{"id":5264,"href":"https:\/\/camillaelfving.dk\/index.php\/wp-json\/wp\/v2\/pages\/4989\/revisions\/5264"}],"wp:attachment":[{"href":"https:\/\/camillaelfving.dk\/index.php\/wp-json\/wp\/v2\/media?parent=4989"}],"curies":[{"name":"wp","href":"https:\/\/api.w.org\/{rel}","templated":true}]}}