{"id":5014,"date":"2024-02-18T20:34:29","date_gmt":"2024-02-18T20:34:29","guid":{"rendered":"https:\/\/camillaelfving.dk\/?page_id=5014"},"modified":"2024-02-18T20:39:09","modified_gmt":"2024-02-18T20:39:09","slug":"kinesiologi","status":"publish","type":"page","link":"https:\/\/camillaelfving.dk\/index.php\/kinesiologi\/","title":{"rendered":"Kinesiologi"},"content":{"rendered":"\n<p>Er du stadig p\u00e5 god fod med din krop? Har I holdt kontakten ved lige?<\/p>\n\n\n\n<p>Eller har I p\u00e5 et eller andet tidspunkt i dit liv valgt at g\u00e5 hver jeres vej, din krop og du?<\/p>\n\n\n\n<p>S\u00e5 vil jeg helt klart anbefale dig, at genoptage kontakten og genopbygge et n\u00e6rt venskab i relationen med den person der er absolut allervigtigst i dit liv. Nemlig dig!<\/p>\n\n\n\n<p>Kinesiologi er en blid, men dybdeg\u00e5ende, behandlingsform der ikke kun genskaber balance i krop og sind, men som er absolut livsforandrende for dem, der t\u00f8r tage det f\u00f8rste skridt p\u00e5 vejen tilbage til et harmonisk samliv med sig selv.<\/p>\n\n\n\n<p>En krop \u2013 eller sind \u2013 i ubalance p\u00e5virker nemlig alt det der er dig.<\/p>\n\n\n\n<p>Det tager al opm\u00e6rksomheden og stj\u00e6ler din energi. Dit hum\u00f8r. Dit overskud \u2013 ja m\u00e5ske endda din livsgnist.<\/p>\n\n\n\n<p>Snart orker du ikke andet end blot det allermest n\u00f8dvendige for at opretholde en bare nogenlunde fin facade udadtil.<\/p>\n\n\n\n<p>Men bagved hersker kaos.<\/p>\n\n\n\n<p>Du orker ikke l\u00e6ngere v\u00e6re noget for andre. Ikke uden at tr\u00e6kke store veksler p\u00e5 dig selv.<\/p>\n\n\n\n<p><br>Al din energi g\u00e5r nu pludselig til at g\u00f8re alle de der kedelige \u201cskal-ting\u201d. Holde hus og hjem nogenlunde rent. Vaske t\u00f8j. S\u00f8rge for der er mad p\u00e5 bordet og at du er forholdsvist opdateret p\u00e5 AULA, s\u00e5 ingen skal l\u00f8fte et \u00f8jenbryn og t\u00e6nke sit om dig.<\/p>\n\n\n\n<p>Pludselig er du \u2013 som s\u00e5 mange andre \u2013 en zombieagtig deltager p\u00e5 skal-arrangementer i skole og institutioner. Hvor du p\u00e5 bedst mulig vis fors\u00f8ger at opretholde en p\u00e5sat mine i den p\u00e5tvungne socialitet med andre (hvor de fleste med garanti har det ligesom dig).<\/p>\n\n\n\n<p>Hvorimod du n\u00e6rmest aldrig har tid eller overskud til at v\u00e6re sammen med de venner du selv har valgt!<\/p>\n\n\n\n<p>Alle de sjove ting \u2013 de bliver langsomt sorteret fra. Og som tiden g\u00e5r og du f\u00e5r det v\u00e6rre og v\u00e6rre, s\u00e5 begynder du at v\u00e6lge de ting fra, som egentligt giver dig energi og overskud.<\/p>\n\n\n\n<p>Fordi du ikke kan tage noget fra et sted, hvor der ikke er noget at tage!<\/p>\n\n\n\n<p>Men er det virkelig s\u00e5dan du har lyst til at leve dit liv?<\/p>\n\n\n\n<p>Ellers skal du vide, at du er hjerteligt velkommen her i mit univers \u2013 hvor du enten kan&nbsp;<a href=\"https:\/\/camillaelfving.dk\/index.php\/booking\/\">booke en tid her<\/a>&nbsp;med det samme \u2013 eller st\u00f8ve lidt rundt p\u00e5 siden og l\u00e6re mig lidt bedre at kende f\u00f8rst.<\/p>\n","protected":false},"excerpt":{"rendered":"<p>Er du stadig p\u00e5 god fod med din krop? Har I holdt kontakten ved lige? Eller har I p\u00e5 et eller andet tidspunkt i dit liv valgt at g\u00e5 hver jeres vej, din krop og du? S\u00e5 vil jeg helt klart anbefale dig, at genoptage kontakten og genopbygge et n\u00e6rt venskab [&hellip;]<\/p>\n","protected":false},"author":1,"featured_media":0,"parent":0,"menu_order":0,"comment_status":"closed","ping_status":"closed","template":"","meta":{"_monsterinsights_skip_tracking":false,"_monsterinsights_sitenote_active":false,"_monsterinsights_sitenote_note":"","_monsterinsights_sitenote_category":0,"footnotes":""},"class_list":["post-5014","page","type-page","status-publish","hentry"],"yoast_head":"<!-- This site is optimized with the Yoast SEO plugin v27.2 - https:\/\/yoast.com\/product\/yoast-seo-wordpress\/ -->\n<title>Kinesiologi - Camilla Elfving - Sundhedsklinik<\/title>\n<meta name=\"robots\" content=\"index, follow, max-snippet:-1, max-image-preview:large, max-video-preview:-1\" \/>\n<link rel=\"canonical\" href=\"https:\/\/camillaelfving.dk\/index.php\/kinesiologi\/\" \/>\n<meta property=\"og:locale\" content=\"da_DK\" \/>\n<meta property=\"og:type\" content=\"article\" \/>\n<meta property=\"og:title\" content=\"Kinesiologi - Camilla Elfving - Sundhedsklinik\" \/>\n<meta property=\"og:description\" content=\"Er du stadig p\u00e5 god fod med din krop? Har I holdt kontakten ved lige? Eller har I p\u00e5 et eller andet tidspunkt i dit liv valgt at g\u00e5 hver jeres vej, din krop og du? S\u00e5 vil jeg helt klart anbefale dig, at genoptage kontakten og genopbygge et n\u00e6rt venskab [&hellip;]\" \/>\n<meta property=\"og:url\" content=\"https:\/\/camillaelfving.dk\/index.php\/kinesiologi\/\" \/>\n<meta property=\"og:site_name\" content=\"Camilla Elfving - Sundhedsklinik\" \/>\n<meta property=\"article:modified_time\" content=\"2024-02-18T20:39:09+00:00\" \/>\n<meta name=\"twitter:card\" content=\"summary_large_image\" \/>\n<meta name=\"twitter:label1\" content=\"Estimeret l\u00e6setid\" \/>\n\t<meta name=\"twitter:data1\" content=\"3 minutter\" \/>\n<script type=\"application\/ld+json\" class=\"yoast-schema-graph\">{\"@context\":\"https:\/\/schema.org\",\"@graph\":[{\"@type\":\"WebPage\",\"@id\":\"https:\/\/camillaelfving.dk\/index.php\/kinesiologi\/\",\"url\":\"https:\/\/camillaelfving.dk\/index.php\/kinesiologi\/\",\"name\":\"Kinesiologi - Camilla Elfving - Sundhedsklinik\",\"isPartOf\":{\"@id\":\"https:\/\/camillaelfving.dk\/#website\"},\"datePublished\":\"2024-02-18T20:34:29+00:00\",\"dateModified\":\"2024-02-18T20:39:09+00:00\",\"breadcrumb\":{\"@id\":\"https:\/\/camillaelfving.dk\/index.php\/kinesiologi\/#breadcrumb\"},\"inLanguage\":\"da-DK\",\"potentialAction\":[{\"@type\":\"ReadAction\",\"target\":[\"https:\/\/camillaelfving.dk\/index.php\/kinesiologi\/\"]}]},{\"@type\":\"BreadcrumbList\",\"@id\":\"https:\/\/camillaelfving.dk\/index.php\/kinesiologi\/#breadcrumb\",\"itemListElement\":[{\"@type\":\"ListItem\",\"position\":1,\"name\":\"Hjem\",\"item\":\"https:\/\/camillaelfving.dk\/\"},{\"@type\":\"ListItem\",\"position\":2,\"name\":\"Kinesiologi\"}]},{\"@type\":\"WebSite\",\"@id\":\"https:\/\/camillaelfving.dk\/#website\",\"url\":\"https:\/\/camillaelfving.dk\/\",\"name\":\"Camilla Elfving - Sundhedsklinik\",\"description\":\"\",\"publisher\":{\"@id\":\"https:\/\/camillaelfving.dk\/#organization\"},\"potentialAction\":[{\"@type\":\"SearchAction\",\"target\":{\"@type\":\"EntryPoint\",\"urlTemplate\":\"https:\/\/camillaelfving.dk\/?s={search_term_string}\"},\"query-input\":{\"@type\":\"PropertyValueSpecification\",\"valueRequired\":true,\"valueName\":\"search_term_string\"}}],\"inLanguage\":\"da-DK\"},{\"@type\":\"Organization\",\"@id\":\"https:\/\/camillaelfving.dk\/#organization\",\"name\":\"Camilla Elfving - Sundhedsklinik\",\"url\":\"https:\/\/camillaelfving.dk\/\",\"logo\":{\"@type\":\"ImageObject\",\"inLanguage\":\"da-DK\",\"@id\":\"https:\/\/camillaelfving.dk\/#\/schema\/logo\/image\/\",\"url\":\"https:\/\/camillaelfving.dk\/wp-content\/uploads\/2024\/02\/cropped-Camilla-Elfving-Sundhedsklinik-Header-915-x-400-px-1250-x-378-px-915-x-300-px.png\",\"contentUrl\":\"https:\/\/camillaelfving.dk\/wp-content\/uploads\/2024\/02\/cropped-Camilla-Elfving-Sundhedsklinik-Header-915-x-400-px-1250-x-378-px-915-x-300-px.png\",\"width\":915,\"height\":300,\"caption\":\"Camilla Elfving - Sundhedsklinik\"},\"image\":{\"@id\":\"https:\/\/camillaelfving.dk\/#\/schema\/logo\/image\/\"}}]}<\/script>\n<!-- \/ Yoast SEO plugin. -->","yoast_head_json":{"title":"Kinesiologi - Camilla Elfving - Sundhedsklinik","robots":{"index":"index","follow":"follow","max-snippet":"max-snippet:-1","max-image-preview":"max-image-preview:large","max-video-preview":"max-video-preview:-1"},"canonical":"https:\/\/camillaelfving.dk\/index.php\/kinesiologi\/","og_locale":"da_DK","og_type":"article","og_title":"Kinesiologi - Camilla Elfving - Sundhedsklinik","og_description":"Er du stadig p\u00e5 god fod med din krop? Har I holdt kontakten ved lige? Eller har I p\u00e5 et eller andet tidspunkt i dit liv valgt at g\u00e5 hver jeres vej, din krop og du? S\u00e5 vil jeg helt klart anbefale dig, at genoptage kontakten og genopbygge et n\u00e6rt venskab [&hellip;]","og_url":"https:\/\/camillaelfving.dk\/index.php\/kinesiologi\/","og_site_name":"Camilla Elfving - Sundhedsklinik","article_modified_time":"2024-02-18T20:39:09+00:00","twitter_card":"summary_large_image","twitter_misc":{"Estimeret l\u00e6setid":"3 minutter"},"schema":{"@context":"https:\/\/schema.org","@graph":[{"@type":"WebPage","@id":"https:\/\/camillaelfving.dk\/index.php\/kinesiologi\/","url":"https:\/\/camillaelfving.dk\/index.php\/kinesiologi\/","name":"Kinesiologi - Camilla Elfving - Sundhedsklinik","isPartOf":{"@id":"https:\/\/camillaelfving.dk\/#website"},"datePublished":"2024-02-18T20:34:29+00:00","dateModified":"2024-02-18T20:39:09+00:00","breadcrumb":{"@id":"https:\/\/camillaelfving.dk\/index.php\/kinesiologi\/#breadcrumb"},"inLanguage":"da-DK","potentialAction":[{"@type":"ReadAction","target":["https:\/\/camillaelfving.dk\/index.php\/kinesiologi\/"]}]},{"@type":"BreadcrumbList","@id":"https:\/\/camillaelfving.dk\/index.php\/kinesiologi\/#breadcrumb","itemListElement":[{"@type":"ListItem","position":1,"name":"Hjem","item":"https:\/\/camillaelfving.dk\/"},{"@type":"ListItem","position":2,"name":"Kinesiologi"}]},{"@type":"WebSite","@id":"https:\/\/camillaelfving.dk\/#website","url":"https:\/\/camillaelfving.dk\/","name":"Camilla Elfving - Sundhedsklinik","description":"","publisher":{"@id":"https:\/\/camillaelfving.dk\/#organization"},"potentialAction":[{"@type":"SearchAction","target":{"@type":"EntryPoint","urlTemplate":"https:\/\/camillaelfving.dk\/?s={search_term_string}"},"query-input":{"@type":"PropertyValueSpecification","valueRequired":true,"valueName":"search_term_string"}}],"inLanguage":"da-DK"},{"@type":"Organization","@id":"https:\/\/camillaelfving.dk\/#organization","name":"Camilla Elfving - Sundhedsklinik","url":"https:\/\/camillaelfving.dk\/","logo":{"@type":"ImageObject","inLanguage":"da-DK","@id":"https:\/\/camillaelfving.dk\/#\/schema\/logo\/image\/","url":"https:\/\/camillaelfving.dk\/wp-content\/uploads\/2024\/02\/cropped-Camilla-Elfving-Sundhedsklinik-Header-915-x-400-px-1250-x-378-px-915-x-300-px.png","contentUrl":"https:\/\/camillaelfving.dk\/wp-content\/uploads\/2024\/02\/cropped-Camilla-Elfving-Sundhedsklinik-Header-915-x-400-px-1250-x-378-px-915-x-300-px.png","width":915,"height":300,"caption":"Camilla Elfving - Sundhedsklinik"},"image":{"@id":"https:\/\/camillaelfving.dk\/#\/schema\/logo\/image\/"}}]}},"_links":{"self":[{"href":"https:\/\/camillaelfving.dk\/index.php\/wp-json\/wp\/v2\/pages\/5014","targetHints":{"allow":["GET"]}}],"collection":[{"href":"https:\/\/camillaelfving.dk\/index.php\/wp-json\/wp\/v2\/pages"}],"about":[{"href":"https:\/\/camillaelfving.dk\/index.php\/wp-json\/wp\/v2\/types\/page"}],"author":[{"embeddable":true,"href":"https:\/\/camillaelfving.dk\/index.php\/wp-json\/wp\/v2\/users\/1"}],"replies":[{"embeddable":true,"href":"https:\/\/camillaelfving.dk\/index.php\/wp-json\/wp\/v2\/comments?post=5014"}],"version-history":[{"count":3,"href":"https:\/\/camillaelfving.dk\/index.php\/wp-json\/wp\/v2\/pages\/5014\/revisions"}],"predecessor-version":[{"id":5018,"href":"https:\/\/camillaelfving.dk\/index.php\/wp-json\/wp\/v2\/pages\/5014\/revisions\/5018"}],"wp:attachment":[{"href":"https:\/\/camillaelfving.dk\/index.php\/wp-json\/wp\/v2\/media?parent=5014"}],"curies":[{"name":"wp","href":"https:\/\/api.w.org\/{rel}","templated":true}]}}