{"id":5149,"date":"2024-03-18T13:26:09","date_gmt":"2024-03-18T13:26:09","guid":{"rendered":"https:\/\/camillaelfving.dk\/?page_id=5149"},"modified":"2024-03-18T13:30:25","modified_gmt":"2024-03-18T13:30:25","slug":"klientudtalelser","status":"publish","type":"page","link":"https:\/\/camillaelfving.dk\/index.php\/klientudtalelser\/","title":{"rendered":"Klientudtalelser"},"content":{"rendered":"\n<blockquote class=\"wp-block-quote is-layout-flow wp-block-quote-is-layout-flow\">\n<p><\/p>\n<cite>Camilla og hendes behandling er indbegrebet af ordet holistisk. N\u00e5r du samarbejder med Camilla, s\u00e5 er det hele dit system og v\u00e6ren, helt ned p\u00e5 celleplan, som p\u00e5begynder en dyb rejse af omstrukturering, omrokering og opgradering.<br>N\u00e5r vi m\u00f8der udfordrende ting i livet, s\u00e6tter der sig ofte ting i klemme i vores indre, og vores energi kan ikke flyde frit. Det er min opfattelse, at Camilla har redskaber, viden, og ekspertisen til nysgerrigt at g\u00e5 ind og arbejde med kroppen og l\u00f8sne, hvad end, der m\u00e5tte sidde i klemme i lige det specifikke unikke menneske og krop som hun arbejder med.<br>Jeg er selv i forl\u00f8b hos hende, og jeg oplever at mit liv allerede har \u00e6ndret sig markant. Jeg oplever det som meget subtile ting i min hverdag. M\u00e5den jeg t\u00e6nker og handler p\u00e5 i bestemte situationer, og f\u00f8lelsen af at komme t\u00e6ttere p\u00e5 mit m\u00e5l i hvem og hvad, som jeg skal v\u00e6re og udleve i den her verden. Jeg har i flere \u00e5r v\u00e6ret interesseret og g\u00e5et op i terapi og selvudvikling. Min fornemmelse er, at jeg er eskaleret i min proces med Camilla, s\u00e5 det arbejde og stagnationer som jeg kunne have brugt \u00e5revis og flere tusinde kroner p\u00e5 at komme i dybden med og l\u00f8se, faktisk allerede p\u00e5 f\u00e5 m\u00e5neder er ved at slippe og i stadig transformation.<br>Det er intet mindre end magisk, og jeg elsker hendes store sp\u00e6nd af viden og redskaber, og legende tilgang til kroppen, sundhed, mennesket og sj\u00e6len.<br>Derudover synes jeg, at hendes uddannelse som Psykomotorisk terapeut sikre en dybe forst\u00e5else for mennesket, og er med til at skabe et trygt og n\u00e6rv\u00e6rende rum. S\u00e5 magien kan flyde og problemerne, sp\u00e6ndingerne, og f\u00f8lelserne slippe.<br>Det er intenst og dybt arbejde. Men menneskeheden har mere end nogensinde brug for at f\u00e5 ryddet godt og grundigt op i vores kollektive, som familiem\u00e6ssige traumebaserede og uhensigtsm\u00e6ssige m\u00f8nstre. Vi har alle et ansvar for vores eget liv og dermed livet p\u00e5 den her planet. Det starter med os selv, og det kan Camilla hj\u00e6lpe dig p\u00e5 vej med.<br>Forst\u00e5elsen for arbejdet og helingen som kvantefysikken og kvantebiologien faciliterer vil revolutionere vores v\u00e6ren som mennesker p\u00e5 den her jord, og i sidste ende hj\u00e6lpe os tilbage til os selv og forst\u00e5elsen af, hvad det vil sige at v\u00e6re menneske.<br>Jeg gl\u00e6der mig til at se hvor jeg fortsat er p\u00e5 vej hen, med hj\u00e6lp fra og i behandling hos Camilla.<br>God Healing <img loading=\"lazy\" decoding=\"async\" height=\"16\" width=\"16\" src=\"https:\/\/static.xx.fbcdn.net\/images\/emoji.php\/v9\/ted\/2\/16\/2764.png\" alt=\"\u2764\"><br><br>&#8211; Marie Josefine Hestbek Jensen<\/cite><\/blockquote>\n\n\n\n<blockquote class=\"wp-block-quote is-layout-flow wp-block-quote-is-layout-flow\">\n<p><\/p>\n<cite>Behagelig, meget omhyggelig og vanvittigt dygtig.<br><br>&#8211; Karina Rosborg Pedersen <\/cite><\/blockquote>\n\n\n\n<blockquote class=\"wp-block-quote is-layout-flow wp-block-quote-is-layout-flow\">\n<p><\/p>\n<cite>Camilla er dygtig, omhyggelig, kompetent og kender sit fag. Hun tager dig alvorligt, hun lytter, unders\u00f8ger og g\u00f8r en k\u00e6mpe forskel for en krop, der beh\u00f8ver hj\u00e6lp. I dag har jeg v\u00e6ret til min 2. behandling og min krop synger n\u00e6rmest af gl\u00e6de og lettelse <img loading=\"lazy\" decoding=\"async\" height=\"16\" width=\"16\" src=\"https:\/\/static.xx.fbcdn.net\/images\/emoji.php\/v9\/ted\/2\/16\/2764.png\" alt=\"\u2764\ufe0f\"><br><br>&#8211; Anne S\u00f8nderskov Vintersb\u00f8lle Jakobsen<br><\/cite><\/blockquote>\n\n\n\n<p><\/p>\n\n\n\n<p><\/p>\n","protected":false},"excerpt":{"rendered":"<p>Camilla og hendes behandling er indbegrebet af ordet holistisk. N\u00e5r du samarbejder med Camilla, s\u00e5 er det hele dit system og v\u00e6ren, helt ned p\u00e5 celleplan, som p\u00e5begynder en dyb rejse af omstrukturering, omrokering og opgradering.N\u00e5r vi m\u00f8der udfordrende ting i livet, s\u00e6tter der sig ofte ting i klemme i vores [&hellip;]<\/p>\n","protected":false},"author":1,"featured_media":0,"parent":0,"menu_order":0,"comment_status":"closed","ping_status":"closed","template":"","meta":{"_monsterinsights_skip_tracking":false,"_monsterinsights_sitenote_active":false,"_monsterinsights_sitenote_note":"","_monsterinsights_sitenote_category":0,"footnotes":""},"class_list":["post-5149","page","type-page","status-publish","hentry"],"yoast_head":"<!-- This site is optimized with the Yoast SEO plugin v27.2 - https:\/\/yoast.com\/product\/yoast-seo-wordpress\/ -->\n<title>Klientudtalelser - Camilla Elfving - Sundhedsklinik<\/title>\n<meta name=\"robots\" content=\"index, follow, max-snippet:-1, max-image-preview:large, max-video-preview:-1\" \/>\n<link rel=\"canonical\" href=\"https:\/\/camillaelfving.dk\/index.php\/klientudtalelser\/\" \/>\n<meta property=\"og:locale\" content=\"da_DK\" \/>\n<meta property=\"og:type\" content=\"article\" \/>\n<meta property=\"og:title\" content=\"Klientudtalelser - Camilla Elfving - Sundhedsklinik\" \/>\n<meta property=\"og:description\" content=\"Camilla og hendes behandling er indbegrebet af ordet holistisk. N\u00e5r du samarbejder med Camilla, s\u00e5 er det hele dit system og v\u00e6ren, helt ned p\u00e5 celleplan, som p\u00e5begynder en dyb rejse af omstrukturering, omrokering og opgradering.N\u00e5r vi m\u00f8der udfordrende ting i livet, s\u00e6tter der sig ofte ting i klemme i vores [&hellip;]\" \/>\n<meta property=\"og:url\" content=\"https:\/\/camillaelfving.dk\/index.php\/klientudtalelser\/\" \/>\n<meta property=\"og:site_name\" content=\"Camilla Elfving - Sundhedsklinik\" \/>\n<meta property=\"article:modified_time\" content=\"2024-03-18T13:30:25+00:00\" \/>\n<meta property=\"og:image\" content=\"https:\/\/static.xx.fbcdn.net\/images\/emoji.php\/v9\/ted\/2\/16\/2764.png\" \/>\n<meta name=\"twitter:card\" content=\"summary_large_image\" \/>\n<script type=\"application\/ld+json\" class=\"yoast-schema-graph\">{\"@context\":\"https:\/\/schema.org\",\"@graph\":[{\"@type\":\"WebPage\",\"@id\":\"https:\/\/camillaelfving.dk\/index.php\/klientudtalelser\/\",\"url\":\"https:\/\/camillaelfving.dk\/index.php\/klientudtalelser\/\",\"name\":\"Klientudtalelser - Camilla Elfving - Sundhedsklinik\",\"isPartOf\":{\"@id\":\"https:\/\/camillaelfving.dk\/#website\"},\"primaryImageOfPage\":{\"@id\":\"https:\/\/camillaelfving.dk\/index.php\/klientudtalelser\/#primaryimage\"},\"image\":{\"@id\":\"https:\/\/camillaelfving.dk\/index.php\/klientudtalelser\/#primaryimage\"},\"thumbnailUrl\":\"https:\/\/static.xx.fbcdn.net\/images\/emoji.php\/v9\/ted\/2\/16\/2764.png\",\"datePublished\":\"2024-03-18T13:26:09+00:00\",\"dateModified\":\"2024-03-18T13:30:25+00:00\",\"breadcrumb\":{\"@id\":\"https:\/\/camillaelfving.dk\/index.php\/klientudtalelser\/#breadcrumb\"},\"inLanguage\":\"da-DK\",\"potentialAction\":[{\"@type\":\"ReadAction\",\"target\":[\"https:\/\/camillaelfving.dk\/index.php\/klientudtalelser\/\"]}]},{\"@type\":\"ImageObject\",\"inLanguage\":\"da-DK\",\"@id\":\"https:\/\/camillaelfving.dk\/index.php\/klientudtalelser\/#primaryimage\",\"url\":\"https:\/\/static.xx.fbcdn.net\/images\/emoji.php\/v9\/ted\/2\/16\/2764.png\",\"contentUrl\":\"https:\/\/static.xx.fbcdn.net\/images\/emoji.php\/v9\/ted\/2\/16\/2764.png\"},{\"@type\":\"BreadcrumbList\",\"@id\":\"https:\/\/camillaelfving.dk\/index.php\/klientudtalelser\/#breadcrumb\",\"itemListElement\":[{\"@type\":\"ListItem\",\"position\":1,\"name\":\"Hjem\",\"item\":\"https:\/\/camillaelfving.dk\/\"},{\"@type\":\"ListItem\",\"position\":2,\"name\":\"Klientudtalelser\"}]},{\"@type\":\"WebSite\",\"@id\":\"https:\/\/camillaelfving.dk\/#website\",\"url\":\"https:\/\/camillaelfving.dk\/\",\"name\":\"Camilla Elfving - Sundhedsklinik\",\"description\":\"\",\"publisher\":{\"@id\":\"https:\/\/camillaelfving.dk\/#organization\"},\"potentialAction\":[{\"@type\":\"SearchAction\",\"target\":{\"@type\":\"EntryPoint\",\"urlTemplate\":\"https:\/\/camillaelfving.dk\/?s={search_term_string}\"},\"query-input\":{\"@type\":\"PropertyValueSpecification\",\"valueRequired\":true,\"valueName\":\"search_term_string\"}}],\"inLanguage\":\"da-DK\"},{\"@type\":\"Organization\",\"@id\":\"https:\/\/camillaelfving.dk\/#organization\",\"name\":\"Camilla Elfving - Sundhedsklinik\",\"url\":\"https:\/\/camillaelfving.dk\/\",\"logo\":{\"@type\":\"ImageObject\",\"inLanguage\":\"da-DK\",\"@id\":\"https:\/\/camillaelfving.dk\/#\/schema\/logo\/image\/\",\"url\":\"https:\/\/camillaelfving.dk\/wp-content\/uploads\/2024\/02\/cropped-Camilla-Elfving-Sundhedsklinik-Header-915-x-400-px-1250-x-378-px-915-x-300-px.png\",\"contentUrl\":\"https:\/\/camillaelfving.dk\/wp-content\/uploads\/2024\/02\/cropped-Camilla-Elfving-Sundhedsklinik-Header-915-x-400-px-1250-x-378-px-915-x-300-px.png\",\"width\":915,\"height\":300,\"caption\":\"Camilla Elfving - Sundhedsklinik\"},\"image\":{\"@id\":\"https:\/\/camillaelfving.dk\/#\/schema\/logo\/image\/\"}}]}<\/script>\n<!-- \/ Yoast SEO plugin. -->","yoast_head_json":{"title":"Klientudtalelser - Camilla Elfving - Sundhedsklinik","robots":{"index":"index","follow":"follow","max-snippet":"max-snippet:-1","max-image-preview":"max-image-preview:large","max-video-preview":"max-video-preview:-1"},"canonical":"https:\/\/camillaelfving.dk\/index.php\/klientudtalelser\/","og_locale":"da_DK","og_type":"article","og_title":"Klientudtalelser - Camilla Elfving - Sundhedsklinik","og_description":"Camilla og hendes behandling er indbegrebet af ordet holistisk. N\u00e5r du samarbejder med Camilla, s\u00e5 er det hele dit system og v\u00e6ren, helt ned p\u00e5 celleplan, som p\u00e5begynder en dyb rejse af omstrukturering, omrokering og opgradering.N\u00e5r vi m\u00f8der udfordrende ting i livet, s\u00e6tter der sig ofte ting i klemme i vores [&hellip;]","og_url":"https:\/\/camillaelfving.dk\/index.php\/klientudtalelser\/","og_site_name":"Camilla Elfving - Sundhedsklinik","article_modified_time":"2024-03-18T13:30:25+00:00","og_image":[{"url":"https:\/\/static.xx.fbcdn.net\/images\/emoji.php\/v9\/ted\/2\/16\/2764.png","type":"","width":"","height":""}],"twitter_card":"summary_large_image","schema":{"@context":"https:\/\/schema.org","@graph":[{"@type":"WebPage","@id":"https:\/\/camillaelfving.dk\/index.php\/klientudtalelser\/","url":"https:\/\/camillaelfving.dk\/index.php\/klientudtalelser\/","name":"Klientudtalelser - Camilla Elfving - Sundhedsklinik","isPartOf":{"@id":"https:\/\/camillaelfving.dk\/#website"},"primaryImageOfPage":{"@id":"https:\/\/camillaelfving.dk\/index.php\/klientudtalelser\/#primaryimage"},"image":{"@id":"https:\/\/camillaelfving.dk\/index.php\/klientudtalelser\/#primaryimage"},"thumbnailUrl":"https:\/\/static.xx.fbcdn.net\/images\/emoji.php\/v9\/ted\/2\/16\/2764.png","datePublished":"2024-03-18T13:26:09+00:00","dateModified":"2024-03-18T13:30:25+00:00","breadcrumb":{"@id":"https:\/\/camillaelfving.dk\/index.php\/klientudtalelser\/#breadcrumb"},"inLanguage":"da-DK","potentialAction":[{"@type":"ReadAction","target":["https:\/\/camillaelfving.dk\/index.php\/klientudtalelser\/"]}]},{"@type":"ImageObject","inLanguage":"da-DK","@id":"https:\/\/camillaelfving.dk\/index.php\/klientudtalelser\/#primaryimage","url":"https:\/\/static.xx.fbcdn.net\/images\/emoji.php\/v9\/ted\/2\/16\/2764.png","contentUrl":"https:\/\/static.xx.fbcdn.net\/images\/emoji.php\/v9\/ted\/2\/16\/2764.png"},{"@type":"BreadcrumbList","@id":"https:\/\/camillaelfving.dk\/index.php\/klientudtalelser\/#breadcrumb","itemListElement":[{"@type":"ListItem","position":1,"name":"Hjem","item":"https:\/\/camillaelfving.dk\/"},{"@type":"ListItem","position":2,"name":"Klientudtalelser"}]},{"@type":"WebSite","@id":"https:\/\/camillaelfving.dk\/#website","url":"https:\/\/camillaelfving.dk\/","name":"Camilla Elfving - Sundhedsklinik","description":"","publisher":{"@id":"https:\/\/camillaelfving.dk\/#organization"},"potentialAction":[{"@type":"SearchAction","target":{"@type":"EntryPoint","urlTemplate":"https:\/\/camillaelfving.dk\/?s={search_term_string}"},"query-input":{"@type":"PropertyValueSpecification","valueRequired":true,"valueName":"search_term_string"}}],"inLanguage":"da-DK"},{"@type":"Organization","@id":"https:\/\/camillaelfving.dk\/#organization","name":"Camilla Elfving - Sundhedsklinik","url":"https:\/\/camillaelfving.dk\/","logo":{"@type":"ImageObject","inLanguage":"da-DK","@id":"https:\/\/camillaelfving.dk\/#\/schema\/logo\/image\/","url":"https:\/\/camillaelfving.dk\/wp-content\/uploads\/2024\/02\/cropped-Camilla-Elfving-Sundhedsklinik-Header-915-x-400-px-1250-x-378-px-915-x-300-px.png","contentUrl":"https:\/\/camillaelfving.dk\/wp-content\/uploads\/2024\/02\/cropped-Camilla-Elfving-Sundhedsklinik-Header-915-x-400-px-1250-x-378-px-915-x-300-px.png","width":915,"height":300,"caption":"Camilla Elfving - Sundhedsklinik"},"image":{"@id":"https:\/\/camillaelfving.dk\/#\/schema\/logo\/image\/"}}]}},"_links":{"self":[{"href":"https:\/\/camillaelfving.dk\/index.php\/wp-json\/wp\/v2\/pages\/5149","targetHints":{"allow":["GET"]}}],"collection":[{"href":"https:\/\/camillaelfving.dk\/index.php\/wp-json\/wp\/v2\/pages"}],"about":[{"href":"https:\/\/camillaelfving.dk\/index.php\/wp-json\/wp\/v2\/types\/page"}],"author":[{"embeddable":true,"href":"https:\/\/camillaelfving.dk\/index.php\/wp-json\/wp\/v2\/users\/1"}],"replies":[{"embeddable":true,"href":"https:\/\/camillaelfving.dk\/index.php\/wp-json\/wp\/v2\/comments?post=5149"}],"version-history":[{"count":5,"href":"https:\/\/camillaelfving.dk\/index.php\/wp-json\/wp\/v2\/pages\/5149\/revisions"}],"predecessor-version":[{"id":5156,"href":"https:\/\/camillaelfving.dk\/index.php\/wp-json\/wp\/v2\/pages\/5149\/revisions\/5156"}],"wp:attachment":[{"href":"https:\/\/camillaelfving.dk\/index.php\/wp-json\/wp\/v2\/media?parent=5149"}],"curies":[{"name":"wp","href":"https:\/\/api.w.org\/{rel}","templated":true}]}}