{"id":5177,"date":"2024-04-09T21:38:59","date_gmt":"2024-04-09T21:38:59","guid":{"rendered":"https:\/\/camillaelfving.dk\/?page_id=5177"},"modified":"2024-04-09T22:01:27","modified_gmt":"2024-04-09T22:01:27","slug":"velkommen-til-business-intensive-din-personlige-vej-til-en-succesfuld-og-afbalanceret-forretning","status":"publish","type":"page","link":"https:\/\/camillaelfving.dk\/index.php\/velkommen-til-business-intensive-din-personlige-vej-til-en-succesfuld-og-afbalanceret-forretning\/","title":{"rendered":"Velkommen til &#8220;Business Intensive&#8221; \u2013 Din personlige vej til en succesfuld og afbalanceret forretning"},"content":{"rendered":"\n<div style=\"height:40px\" aria-hidden=\"true\" class=\"wp-block-spacer\"><\/div>\n\n\n\n<p>I det banebrydende og anderledes forretningsforl\u00f8b &#8220;Business Intensive&#8221; tilbyder jeg en unik tilgang, der forener kinesiologisk viden med praktisk forretningsindsigt. Sammen skaber vi en personlig rejse, designet til at styrke og forfine netop din forretning.<\/p>\n\n\n\n<div style=\"height:40px\" aria-hidden=\"true\" class=\"wp-block-spacer\"><\/div>\n\n\n\n<figure class=\"wp-block-image size-large\"><img loading=\"lazy\" decoding=\"async\" width=\"1024\" height=\"1024\" src=\"https:\/\/camillaelfving.dk\/wp-content\/uploads\/2024\/04\/Design-uden-navn-43-1024x1024.png\" alt=\"\" class=\"wp-image-5178\" srcset=\"https:\/\/camillaelfving.dk\/wp-content\/uploads\/2024\/04\/Design-uden-navn-43-1024x1024.png 1024w, https:\/\/camillaelfving.dk\/wp-content\/uploads\/2024\/04\/Design-uden-navn-43-300x300.png 300w, https:\/\/camillaelfving.dk\/wp-content\/uploads\/2024\/04\/Design-uden-navn-43-150x150.png 150w, https:\/\/camillaelfving.dk\/wp-content\/uploads\/2024\/04\/Design-uden-navn-43-768x768.png 768w, https:\/\/camillaelfving.dk\/wp-content\/uploads\/2024\/04\/Design-uden-navn-43-850x850.png 850w, https:\/\/camillaelfving.dk\/wp-content\/uploads\/2024\/04\/Design-uden-navn-43-350x350.png 350w, https:\/\/camillaelfving.dk\/wp-content\/uploads\/2024\/04\/Design-uden-navn-43-75x75.png 75w, https:\/\/camillaelfving.dk\/wp-content\/uploads\/2024\/04\/Design-uden-navn-43.png 1080w\" sizes=\"auto, (max-width: 1024px) 100vw, 1024px\" \/><\/figure>\n\n\n\n<div style=\"height:40px\" aria-hidden=\"true\" class=\"wp-block-spacer\"><\/div>\n\n\n\n<p>Vores samarbejde starter med at udvikle en dybdeg\u00e5ende plan, hvor jeg hj\u00e6lper dig med at identificere de specifikke udfordringer, du st\u00e5r over for i din forretning. <\/p>\n\n\n\n<div style=\"height:40px\" aria-hidden=\"true\" class=\"wp-block-spacer\"><\/div>\n\n\n\n<p>Uanset om det drejer sig om at finjustere din kommunikation, udarbejde en strategisk plan for dine kommunikationskanaler, skabe de bedste og mest optimale rammer for v\u00e6kst og udvikling ved hj\u00e6lp af evt. \u00e6ndringer i din tilgang, tankegang eller omgang. Eller m\u00e5ske definere din ideelle m\u00e5lgruppe, s\u00e5 fokuserer jeg &#8211; sammen med dig &#8211; p\u00e5 alle aspekter, der kan forbedre din forretnings potentiale.<\/p>\n\n\n\n<div style=\"height:40px\" aria-hidden=\"true\" class=\"wp-block-spacer\"><\/div>\n\n\n\n<h2 class=\"wp-block-heading\">Hvad kan vi arbejde med?<\/h2>\n\n\n\n<div style=\"height:40px\" aria-hidden=\"true\" class=\"wp-block-spacer\"><\/div>\n\n\n\n<ol class=\"wp-block-list\">\n<li><strong>Negative og begr\u00e6nsende overbevisninger:<\/strong> At arbejde med overbevisninger, som begr\u00e6nser din evne til at se muligheder og opn\u00e5 succes i din forretning<br><br><\/li>\n\n\n\n<li><strong>Chok og traumer:<\/strong> At identificere og behandle tidligere eller nylige begivenheder, som har efterladt en dyb, ubevidst indvirkning p\u00e5 dig og din forretning<br><br><\/li>\n\n\n\n<li><strong>Fastl\u00e5ste f\u00f8lelser:<\/strong> At arbejde med og frig\u00f8re fastl\u00e5ste f\u00f8lelser, som kan p\u00e5virke din evne til at fungere optimalt b\u00e5de personligt og professionelt. Dermed kan vi identificere og adressere specifikke f\u00f8lelser, der er blevet blokeret eller undertrykt. Dette arbejde bidrager til at skabe st\u00f8rre f\u00f8lelsesm\u00e6ssig frihed og klarhed, hvilket kan have en dybtg\u00e5ende effekt p\u00e5 din beslutningstagning, kreativitet og generelle velbefindende i din forretning<br><br><\/li>\n\n\n\n<li><strong>Energitoxiner:<\/strong> At afd\u00e6kke og mindske de skadelige virkninger af negative energier i dit arbejdsmilj\u00f8<br><br><\/li>\n\n\n\n<li><strong>Skyld og skamf\u00f8lelser:<\/strong> At adressere dybtliggende f\u00f8lelser af skyld og skam, som kan h\u00e6mme din professionelle udvikling og succes<br><br><\/li>\n\n\n\n<li><strong>Selvv\u00e6rd og selvtillid:<\/strong> At styrke din f\u00f8lelse af v\u00e6rdi og selvtillid, s\u00e5 du kan st\u00e5 st\u00e6rkt i din forretnings rolle<br><br><\/li>\n\n\n\n<li><strong>Kommunikationsudfordringer:<\/strong> At forbedre klarhed, overbevisning og effektivitet i din forretningskommunikation<br><br><\/li>\n\n\n\n<li><strong>Strategisk planl\u00e6gning:<\/strong> At udvikle og implementere klare strategier for din forretnings v\u00e6kst og udvikling<br><br><\/li>\n\n\n\n<li><strong>M\u00e5lgruppeidentifikation:<\/strong> At blive klar over, hvem din ideelle kunde er, og hvordan du bedst n\u00e5r ud til dem<br><br><\/li>\n\n\n\n<li><strong>Janteloven og impostersyndromet:<\/strong> At overkomme kulturelt eller personligt indlejrede barrierer, som forhindrer dig i at anerkende og udtrykke din fulde potentiale<br><br><\/li>\n\n\n\n<li><strong>Arbejds- og privatlivsbalance:<\/strong> At finde den rette balance, som tillader b\u00e5de personlig og professionel opfyldelse<br><br><\/li>\n\n\n\n<li><strong>Udbr\u00e6ndthed:<\/strong> At genkende tegn p\u00e5 udbr\u00e6ndthed og implementere strategier for genopladning og forebyggelse<br><br><\/li>\n\n\n\n<li><strong>Beslutningstagning:<\/strong> At styrke din evne til at tr\u00e6ffe beslutninger baseret p\u00e5 klarhed, indsigt og intuition<br><br><\/li>\n\n\n\n<li><strong>Ledelsesudvikling:<\/strong> At udvikle de n\u00f8dvendige f\u00e6rdigheder for effektiv ledelse og teamstyring<br><br><\/li>\n\n\n\n<li><strong>\u00d8konomiske bekymringer:<\/strong> At arbejde med eventuelle \u00f8konomiske bekymringer, som p\u00e5virker din forretnings stabilitet og v\u00e6kst<br><br><\/li>\n\n\n\n<li><strong>Forandringsledelse:<\/strong> At navigere og lede gennem forandringsprocesser inden for din virksomhed p\u00e5 en sund og b\u00e6redygtig m\u00e5de<br><br><\/li>\n\n\n\n<li><strong>Markedsf\u00f8ringskanaler:<\/strong> At evaluere og optimere de markedsf\u00f8ringskanaler, du bruger, for at sikre, at de effektivt n\u00e5r ud til og engagerer din m\u00e5lgruppe. Dette inkluderer at identificere de mest relevante platforme for din forretning, udvikle strategier for indhold, og sikre, at dine markedsf\u00f8ringsbudskaber er konsistente og r\u00e6ssonerer med dit publikum<\/li>\n<\/ol>\n\n\n\n<div style=\"height:0px\" aria-hidden=\"true\" class=\"wp-block-spacer\"><\/div>\n\n\n\n<div style=\"height:40px\" aria-hidden=\"true\" class=\"wp-block-spacer\"><\/div>\n\n\n\n<p>Disse problematikker er blot eksempler, og det specifikke indhold i et &#8220;Business Intensive&#8221; forl\u00f8b vil naturligvis blive tilpasset dine unikke behov og m\u00e5l for at sikre den st\u00f8rst mulige v\u00e6rdi og transformation for dig og din forretning.<\/p>\n\n\n\n<div style=\"height:40px\" aria-hidden=\"true\" class=\"wp-block-spacer\"><\/div>\n\n\n\n<h2 class=\"wp-block-heading\">Hvor lang tid g\u00e5r der mellem hvert m\u00f8de?<\/h2>\n\n\n\n<div style=\"height:40px\" aria-hidden=\"true\" class=\"wp-block-spacer\"><\/div>\n\n\n\n<p>Baseret p\u00e5 erfaringer kan du forvente et interval p\u00e5 6-8 uger mellem hver session for at give tid til refleksion og implementering af strategier. Men da &#8220;Business Intensive&#8221; er et dybt personligt og skr\u00e6ddersyet forl\u00f8b, finder vi sammen den mest optimale tidsramme, som passer til dine individuelle behov. Dette identificeres naturligvis ogs\u00e5 via den unikke muskeltest, hvormed jeg kommunikerer direkte med din forretnings behov &#8211; via din krop, da du som ejer, direkt\u00f8r eller leder repr\u00e6senterer virksomheden. <\/p>\n\n\n\n<div style=\"height:40px\" aria-hidden=\"true\" class=\"wp-block-spacer\"><\/div>\n\n\n\n<p>Efter den f\u00f8rste session vil vi ved de efterf\u00f8lgende genteste og tjekke hvordan &#8220;billedet&#8221; nu ser ud &#8211; ud fra den samme m\u00e5ls\u00e6tning. Arbejde videre med det, som endnu ikke er faldet p\u00e5 plads og evt. tilf\u00f8je nyt til m\u00e5let, hvis der er noget der allerede er faldet i hak. <\/p>\n\n\n\n<div style=\"height:40px\" aria-hidden=\"true\" class=\"wp-block-spacer\"><\/div>\n\n\n\n<h2 class=\"wp-block-heading\">Hvordan ser et &#8220;Busines Intensive&#8221; forl\u00f8b ud og hvad koster det?<\/h2>\n\n\n\n<div style=\"height:40px\" aria-hidden=\"true\" class=\"wp-block-spacer\"><\/div>\n\n\n\n<p>Et modul i &#8220;Business Intensive&#8221;, best\u00e5r af tre sessioner \u00e0 6 timers varighed. Inkl 1 times frokostpause som vi enten kan tilbringe sammen &#8211; eller du kan f\u00e5 et pusterum alene. (Frokost kan tilk\u00f8bes &#8211; skal forudbestilles)<\/p>\n\n\n\n<p>Hele modulet tilbydes til en samlet pris af 18.000,- ekskl. moms. Der kan altid tilk\u00f8bes ekstra moduler, hvis der er behov for mere fordybning, finpudsning og\/eller selvudvikling ud fra samme m\u00e5l. Eller hvis der m\u00e5ske er opst\u00e5et et nyt m\u00e5l ud fra nye eller andre behov.<\/p>\n\n\n\n<div style=\"height:40px\" aria-hidden=\"true\" class=\"wp-block-spacer\"><\/div>\n\n\n\n<p>Jeg tilbyder dig muligheden for at opdele betalingen for hvert modul i tre rater uden ekstra gebyrer. <br>Du er dog velkommen til at kontakte mig for at dr\u00f8fte andre betalingsmuligheder eller for at f\u00e5 mere information om tilpasning af forl\u00f8bet til dine behov. <\/p>\n\n\n\n<div style=\"height:40px\" aria-hidden=\"true\" class=\"wp-block-spacer\"><\/div>\n\n\n\n<h2 class=\"wp-block-heading\">Hvordan afvikles s\u00e5dan en session?<\/h2>\n\n\n\n<div style=\"height:40px\" aria-hidden=\"true\" class=\"wp-block-spacer\"><\/div>\n\n\n\n<p>Du kan frit v\u00e6lge mellem personligt fremm\u00f8de p\u00e5 min klinik eller deltagelse via Facetime. <br>Det er dog vigtigt for mig, at pointere, at sidstn\u00e6vnte absolut ikke er nogen ulempe, idet du dermed sikrer, at du kan opleve sessionerne i komfortable og velkendte omgivelser, spare tid og udgifter til transport og alligevel opn\u00e5 en dybdeg\u00e5ende og transformerende oplevelse.<\/p>\n\n\n\n<div style=\"height:40px\" aria-hidden=\"true\" class=\"wp-block-spacer\"><\/div>\n\n\n\n<p>&#8220;Business Intensive&#8221; er en investering i din forretnings fremtid og dit personlige lederskab ud fra en hel unik og anderledes tankegang. Hvor vi anskuer din forretning og dine\/dens behov fra et helt andet perspektiv end man normalt vil g\u00f8re i tilsvarende forretningsforl\u00f8b hos coaches eller andre udbydere. <\/p>\n\n\n\n<div style=\"height:40px\" aria-hidden=\"true\" class=\"wp-block-spacer\"><\/div>\n\n\n\n<p>Her er ingen kassel\u00f8sninger og ingen pr\u00e6fabrikerede samleb\u00e5nds-sessioner efter en kedelig og ensformig skabelon ud fra devisen one-fits-all. <\/p>\n\n\n\n<div style=\"height:40px\" aria-hidden=\"true\" class=\"wp-block-spacer\"><\/div>\n\n\n\n<div style=\"height:40px\" aria-hidden=\"true\" class=\"wp-block-spacer\"><\/div>\n\n\n\n<p>Her er der udelukkende fokus p\u00e5 dine og\/eller din forretnings individuelle behov. Hvad enten de umiddelbart virker s\u00e6rpr\u00e6gede eller g\u00e5r imod str\u00f8mmen. <\/p>\n\n\n\n<p><br><br>Samtidig arbejder vi b\u00e5de ud fra b\u00e5de fysiske, mentale, sociale, emotionelle og spirituelle faktorer. Og kigger p\u00e5 hvad der kan v\u00e6re ubalance i ift. struktur, kemi, energi, psyke mm.<\/p>\n\n\n\n<div style=\"height:40px\" aria-hidden=\"true\" class=\"wp-block-spacer\"><\/div>\n\n\n\n<p>Det er en helt anden tilgang end du nogensinde har oplevet f\u00f8r.<\/p>\n\n\n\n<div style=\"height:40px\" aria-hidden=\"true\" class=\"wp-block-spacer\"><\/div>\n\n\n\n<p>Jeg kan n\u00e6sten garantere dig, at dette forl\u00f8b er s\u00e5 unikt, at du ikke vil finde et magen til andre steder. Og at du ved at arbejde med detaljer, som dine konkurrenter med stor sandsynlighed overhovedet ikke har fokus p\u00e5 &#8211; vil adskille dig fra flokken og blive den klarest lysende stjerne p\u00e5 himlen i netop din niche! <\/p>\n\n\n\n<div style=\"height:40px\" aria-hidden=\"true\" class=\"wp-block-spacer\"><\/div>\n\n\n\n<p><\/p>\n\n\n\n<p>Book din f\u00f8rste session i dag, og lad os sammen udforske, hvordan vi kan transformere dine udfordringer til muligheder og skabe den succes, du s\u00f8ger.<\/p>\n\n\n\n<div style=\"height:40px\" aria-hidden=\"true\" class=\"wp-block-spacer\"><\/div>\n\n\n\n<div class=\"wp-block-buttons is-content-justification-center is-layout-flex wp-container-core-buttons-is-layout-16018d1d wp-block-buttons-is-layout-flex\">\n<div class=\"wp-block-button\"><a class=\"wp-block-button__link wp-element-button\" href=\"mailto:business@camillaelfving.dk\">Skrid til handling nu &#8211; og adskil dig selv fra flokken allerede idag!<\/a><\/div>\n<\/div>\n","protected":false},"excerpt":{"rendered":"<p>I det banebrydende og anderledes forretningsforl\u00f8b &#8220;Business Intensive&#8221; tilbyder jeg en unik tilgang, der forener kinesiologisk viden med praktisk forretningsindsigt. Sammen skaber vi en personlig rejse, designet til at styrke og forfine netop din forretning. Vores samarbejde starter med at udvikle en dybdeg\u00e5ende plan, hvor jeg hj\u00e6lper dig med at identificere [&hellip;]<\/p>\n","protected":false},"author":1,"featured_media":0,"parent":0,"menu_order":0,"comment_status":"closed","ping_status":"closed","template":"","meta":{"_monsterinsights_skip_tracking":false,"_monsterinsights_sitenote_active":false,"_monsterinsights_sitenote_note":"","_monsterinsights_sitenote_category":0,"footnotes":""},"class_list":["post-5177","page","type-page","status-publish","hentry"],"yoast_head":"<!-- This site is optimized with the Yoast SEO plugin v27.2 - https:\/\/yoast.com\/product\/yoast-seo-wordpress\/ -->\n<title>Velkommen til &quot;Business Intensive&quot; \u2013 Din personlige vej til en succesfuld og afbalanceret forretning - Camilla Elfving - Sundhedsklinik<\/title>\n<meta name=\"robots\" content=\"index, follow, max-snippet:-1, max-image-preview:large, max-video-preview:-1\" \/>\n<link rel=\"canonical\" href=\"https:\/\/camillaelfving.dk\/index.php\/velkommen-til-business-intensive-din-personlige-vej-til-en-succesfuld-og-afbalanceret-forretning\/\" \/>\n<meta property=\"og:locale\" content=\"da_DK\" \/>\n<meta property=\"og:type\" content=\"article\" \/>\n<meta property=\"og:title\" content=\"Velkommen til &quot;Business Intensive&quot; \u2013 Din personlige vej til en succesfuld og afbalanceret forretning - Camilla Elfving - Sundhedsklinik\" \/>\n<meta property=\"og:description\" content=\"I det banebrydende og anderledes forretningsforl\u00f8b &#8220;Business Intensive&#8221; tilbyder jeg en unik tilgang, der forener kinesiologisk viden med praktisk forretningsindsigt. Sammen skaber vi en personlig rejse, designet til at styrke og forfine netop din forretning. Vores samarbejde starter med at udvikle en dybdeg\u00e5ende plan, hvor jeg hj\u00e6lper dig med at identificere [&hellip;]\" \/>\n<meta property=\"og:url\" content=\"https:\/\/camillaelfving.dk\/index.php\/velkommen-til-business-intensive-din-personlige-vej-til-en-succesfuld-og-afbalanceret-forretning\/\" \/>\n<meta property=\"og:site_name\" content=\"Camilla Elfving - Sundhedsklinik\" \/>\n<meta property=\"article:modified_time\" content=\"2024-04-09T22:01:27+00:00\" \/>\n<meta property=\"og:image\" content=\"https:\/\/camillaelfving.dk\/wp-content\/uploads\/2024\/04\/Design-uden-navn-43-1024x1024.png\" \/>\n<meta name=\"twitter:card\" content=\"summary_large_image\" \/>\n<meta name=\"twitter:label1\" content=\"Estimeret l\u00e6setid\" \/>\n\t<meta name=\"twitter:data1\" content=\"7 minutter\" \/>\n<script type=\"application\/ld+json\" class=\"yoast-schema-graph\">{\"@context\":\"https:\/\/schema.org\",\"@graph\":[{\"@type\":\"WebPage\",\"@id\":\"https:\/\/camillaelfving.dk\/index.php\/velkommen-til-business-intensive-din-personlige-vej-til-en-succesfuld-og-afbalanceret-forretning\/\",\"url\":\"https:\/\/camillaelfving.dk\/index.php\/velkommen-til-business-intensive-din-personlige-vej-til-en-succesfuld-og-afbalanceret-forretning\/\",\"name\":\"Velkommen til \\\"Business Intensive\\\" \u2013 Din personlige vej til en succesfuld og afbalanceret forretning - Camilla Elfving - Sundhedsklinik\",\"isPartOf\":{\"@id\":\"https:\/\/camillaelfving.dk\/#website\"},\"primaryImageOfPage\":{\"@id\":\"https:\/\/camillaelfving.dk\/index.php\/velkommen-til-business-intensive-din-personlige-vej-til-en-succesfuld-og-afbalanceret-forretning\/#primaryimage\"},\"image\":{\"@id\":\"https:\/\/camillaelfving.dk\/index.php\/velkommen-til-business-intensive-din-personlige-vej-til-en-succesfuld-og-afbalanceret-forretning\/#primaryimage\"},\"thumbnailUrl\":\"https:\/\/camillaelfving.dk\/wp-content\/uploads\/2024\/04\/Design-uden-navn-43-1024x1024.png\",\"datePublished\":\"2024-04-09T21:38:59+00:00\",\"dateModified\":\"2024-04-09T22:01:27+00:00\",\"breadcrumb\":{\"@id\":\"https:\/\/camillaelfving.dk\/index.php\/velkommen-til-business-intensive-din-personlige-vej-til-en-succesfuld-og-afbalanceret-forretning\/#breadcrumb\"},\"inLanguage\":\"da-DK\",\"potentialAction\":[{\"@type\":\"ReadAction\",\"target\":[\"https:\/\/camillaelfving.dk\/index.php\/velkommen-til-business-intensive-din-personlige-vej-til-en-succesfuld-og-afbalanceret-forretning\/\"]}]},{\"@type\":\"ImageObject\",\"inLanguage\":\"da-DK\",\"@id\":\"https:\/\/camillaelfving.dk\/index.php\/velkommen-til-business-intensive-din-personlige-vej-til-en-succesfuld-og-afbalanceret-forretning\/#primaryimage\",\"url\":\"https:\/\/camillaelfving.dk\/wp-content\/uploads\/2024\/04\/Design-uden-navn-43.png\",\"contentUrl\":\"https:\/\/camillaelfving.dk\/wp-content\/uploads\/2024\/04\/Design-uden-navn-43.png\",\"width\":1080,\"height\":1080},{\"@type\":\"BreadcrumbList\",\"@id\":\"https:\/\/camillaelfving.dk\/index.php\/velkommen-til-business-intensive-din-personlige-vej-til-en-succesfuld-og-afbalanceret-forretning\/#breadcrumb\",\"itemListElement\":[{\"@type\":\"ListItem\",\"position\":1,\"name\":\"Hjem\",\"item\":\"https:\/\/camillaelfving.dk\/\"},{\"@type\":\"ListItem\",\"position\":2,\"name\":\"Velkommen til &#8220;Business Intensive&#8221; \u2013 Din personlige vej til en succesfuld og afbalanceret forretning\"}]},{\"@type\":\"WebSite\",\"@id\":\"https:\/\/camillaelfving.dk\/#website\",\"url\":\"https:\/\/camillaelfving.dk\/\",\"name\":\"Camilla Elfving - Sundhedsklinik\",\"description\":\"\",\"publisher\":{\"@id\":\"https:\/\/camillaelfving.dk\/#organization\"},\"potentialAction\":[{\"@type\":\"SearchAction\",\"target\":{\"@type\":\"EntryPoint\",\"urlTemplate\":\"https:\/\/camillaelfving.dk\/?s={search_term_string}\"},\"query-input\":{\"@type\":\"PropertyValueSpecification\",\"valueRequired\":true,\"valueName\":\"search_term_string\"}}],\"inLanguage\":\"da-DK\"},{\"@type\":\"Organization\",\"@id\":\"https:\/\/camillaelfving.dk\/#organization\",\"name\":\"Camilla Elfving - Sundhedsklinik\",\"url\":\"https:\/\/camillaelfving.dk\/\",\"logo\":{\"@type\":\"ImageObject\",\"inLanguage\":\"da-DK\",\"@id\":\"https:\/\/camillaelfving.dk\/#\/schema\/logo\/image\/\",\"url\":\"https:\/\/camillaelfving.dk\/wp-content\/uploads\/2024\/02\/cropped-Camilla-Elfving-Sundhedsklinik-Header-915-x-400-px-1250-x-378-px-915-x-300-px.png\",\"contentUrl\":\"https:\/\/camillaelfving.dk\/wp-content\/uploads\/2024\/02\/cropped-Camilla-Elfving-Sundhedsklinik-Header-915-x-400-px-1250-x-378-px-915-x-300-px.png\",\"width\":915,\"height\":300,\"caption\":\"Camilla Elfving - Sundhedsklinik\"},\"image\":{\"@id\":\"https:\/\/camillaelfving.dk\/#\/schema\/logo\/image\/\"}}]}<\/script>\n<!-- \/ Yoast SEO plugin. -->","yoast_head_json":{"title":"Velkommen til \"Business Intensive\" \u2013 Din personlige vej til en succesfuld og afbalanceret forretning - Camilla Elfving - Sundhedsklinik","robots":{"index":"index","follow":"follow","max-snippet":"max-snippet:-1","max-image-preview":"max-image-preview:large","max-video-preview":"max-video-preview:-1"},"canonical":"https:\/\/camillaelfving.dk\/index.php\/velkommen-til-business-intensive-din-personlige-vej-til-en-succesfuld-og-afbalanceret-forretning\/","og_locale":"da_DK","og_type":"article","og_title":"Velkommen til \"Business Intensive\" \u2013 Din personlige vej til en succesfuld og afbalanceret forretning - Camilla Elfving - Sundhedsklinik","og_description":"I det banebrydende og anderledes forretningsforl\u00f8b &#8220;Business Intensive&#8221; tilbyder jeg en unik tilgang, der forener kinesiologisk viden med praktisk forretningsindsigt. Sammen skaber vi en personlig rejse, designet til at styrke og forfine netop din forretning. Vores samarbejde starter med at udvikle en dybdeg\u00e5ende plan, hvor jeg hj\u00e6lper dig med at identificere [&hellip;]","og_url":"https:\/\/camillaelfving.dk\/index.php\/velkommen-til-business-intensive-din-personlige-vej-til-en-succesfuld-og-afbalanceret-forretning\/","og_site_name":"Camilla Elfving - Sundhedsklinik","article_modified_time":"2024-04-09T22:01:27+00:00","og_image":[{"url":"https:\/\/camillaelfving.dk\/wp-content\/uploads\/2024\/04\/Design-uden-navn-43-1024x1024.png","type":"","width":"","height":""}],"twitter_card":"summary_large_image","twitter_misc":{"Estimeret l\u00e6setid":"7 minutter"},"schema":{"@context":"https:\/\/schema.org","@graph":[{"@type":"WebPage","@id":"https:\/\/camillaelfving.dk\/index.php\/velkommen-til-business-intensive-din-personlige-vej-til-en-succesfuld-og-afbalanceret-forretning\/","url":"https:\/\/camillaelfving.dk\/index.php\/velkommen-til-business-intensive-din-personlige-vej-til-en-succesfuld-og-afbalanceret-forretning\/","name":"Velkommen til \"Business Intensive\" \u2013 Din personlige vej til en succesfuld og afbalanceret forretning - Camilla Elfving - Sundhedsklinik","isPartOf":{"@id":"https:\/\/camillaelfving.dk\/#website"},"primaryImageOfPage":{"@id":"https:\/\/camillaelfving.dk\/index.php\/velkommen-til-business-intensive-din-personlige-vej-til-en-succesfuld-og-afbalanceret-forretning\/#primaryimage"},"image":{"@id":"https:\/\/camillaelfving.dk\/index.php\/velkommen-til-business-intensive-din-personlige-vej-til-en-succesfuld-og-afbalanceret-forretning\/#primaryimage"},"thumbnailUrl":"https:\/\/camillaelfving.dk\/wp-content\/uploads\/2024\/04\/Design-uden-navn-43-1024x1024.png","datePublished":"2024-04-09T21:38:59+00:00","dateModified":"2024-04-09T22:01:27+00:00","breadcrumb":{"@id":"https:\/\/camillaelfving.dk\/index.php\/velkommen-til-business-intensive-din-personlige-vej-til-en-succesfuld-og-afbalanceret-forretning\/#breadcrumb"},"inLanguage":"da-DK","potentialAction":[{"@type":"ReadAction","target":["https:\/\/camillaelfving.dk\/index.php\/velkommen-til-business-intensive-din-personlige-vej-til-en-succesfuld-og-afbalanceret-forretning\/"]}]},{"@type":"ImageObject","inLanguage":"da-DK","@id":"https:\/\/camillaelfving.dk\/index.php\/velkommen-til-business-intensive-din-personlige-vej-til-en-succesfuld-og-afbalanceret-forretning\/#primaryimage","url":"https:\/\/camillaelfving.dk\/wp-content\/uploads\/2024\/04\/Design-uden-navn-43.png","contentUrl":"https:\/\/camillaelfving.dk\/wp-content\/uploads\/2024\/04\/Design-uden-navn-43.png","width":1080,"height":1080},{"@type":"BreadcrumbList","@id":"https:\/\/camillaelfving.dk\/index.php\/velkommen-til-business-intensive-din-personlige-vej-til-en-succesfuld-og-afbalanceret-forretning\/#breadcrumb","itemListElement":[{"@type":"ListItem","position":1,"name":"Hjem","item":"https:\/\/camillaelfving.dk\/"},{"@type":"ListItem","position":2,"name":"Velkommen til &#8220;Business Intensive&#8221; \u2013 Din personlige vej til en succesfuld og afbalanceret forretning"}]},{"@type":"WebSite","@id":"https:\/\/camillaelfving.dk\/#website","url":"https:\/\/camillaelfving.dk\/","name":"Camilla Elfving - Sundhedsklinik","description":"","publisher":{"@id":"https:\/\/camillaelfving.dk\/#organization"},"potentialAction":[{"@type":"SearchAction","target":{"@type":"EntryPoint","urlTemplate":"https:\/\/camillaelfving.dk\/?s={search_term_string}"},"query-input":{"@type":"PropertyValueSpecification","valueRequired":true,"valueName":"search_term_string"}}],"inLanguage":"da-DK"},{"@type":"Organization","@id":"https:\/\/camillaelfving.dk\/#organization","name":"Camilla Elfving - Sundhedsklinik","url":"https:\/\/camillaelfving.dk\/","logo":{"@type":"ImageObject","inLanguage":"da-DK","@id":"https:\/\/camillaelfving.dk\/#\/schema\/logo\/image\/","url":"https:\/\/camillaelfving.dk\/wp-content\/uploads\/2024\/02\/cropped-Camilla-Elfving-Sundhedsklinik-Header-915-x-400-px-1250-x-378-px-915-x-300-px.png","contentUrl":"https:\/\/camillaelfving.dk\/wp-content\/uploads\/2024\/02\/cropped-Camilla-Elfving-Sundhedsklinik-Header-915-x-400-px-1250-x-378-px-915-x-300-px.png","width":915,"height":300,"caption":"Camilla Elfving - Sundhedsklinik"},"image":{"@id":"https:\/\/camillaelfving.dk\/#\/schema\/logo\/image\/"}}]}},"_links":{"self":[{"href":"https:\/\/camillaelfving.dk\/index.php\/wp-json\/wp\/v2\/pages\/5177","targetHints":{"allow":["GET"]}}],"collection":[{"href":"https:\/\/camillaelfving.dk\/index.php\/wp-json\/wp\/v2\/pages"}],"about":[{"href":"https:\/\/camillaelfving.dk\/index.php\/wp-json\/wp\/v2\/types\/page"}],"author":[{"embeddable":true,"href":"https:\/\/camillaelfving.dk\/index.php\/wp-json\/wp\/v2\/users\/1"}],"replies":[{"embeddable":true,"href":"https:\/\/camillaelfving.dk\/index.php\/wp-json\/wp\/v2\/comments?post=5177"}],"version-history":[{"count":12,"href":"https:\/\/camillaelfving.dk\/index.php\/wp-json\/wp\/v2\/pages\/5177\/revisions"}],"predecessor-version":[{"id":5195,"href":"https:\/\/camillaelfving.dk\/index.php\/wp-json\/wp\/v2\/pages\/5177\/revisions\/5195"}],"wp:attachment":[{"href":"https:\/\/camillaelfving.dk\/index.php\/wp-json\/wp\/v2\/media?parent=5177"}],"curies":[{"name":"wp","href":"https:\/\/api.w.org\/{rel}","templated":true}]}}